{"id":649,"date":"2024-11-27T14:22:13","date_gmt":"2024-11-27T14:22:13","guid":{"rendered":"https:\/\/buergergemeinde-balsthal.ch\/bg-neu\/?page_id=649"},"modified":"2024-11-27T14:22:22","modified_gmt":"2024-11-27T14:22:22","slug":"mattenstoeckli","status":"publish","type":"page","link":"https:\/\/buergergemeinde-balsthal.ch\/index.php\/mattenstoeckli\/","title":{"rendered":"Mattenst\u00f6ckli"},"content":{"rendered":"\t\t<div data-elementor-type=\"wp-page\" data-elementor-id=\"649\" class=\"elementor elementor-649\">\n\t\t\t\t<div class=\"elementor-element elementor-element-4b084ec8 e-con-full e-flex e-con e-parent\" data-id=\"4b084ec8\" data-element_type=\"container\" data-e-type=\"container\">\n\t\t<div class=\"elementor-element elementor-element-1bb3ad4 e-con-full e-flex e-con e-child\" data-id=\"1bb3ad4\" data-element_type=\"container\" data-e-type=\"container\" data-settings=\"{&quot;background_background&quot;:&quot;classic&quot;}\">\n\t\t<div class=\"elementor-element elementor-element-34e2b973 e-con-full e-flex e-con e-child\" data-id=\"34e2b973\" data-element_type=\"container\" data-e-type=\"container\">\n\t\t\t\t<div class=\"elementor-element elementor-element-6f409df3 elementor-widget elementor-widget-image\" data-id=\"6f409df3\" data-element_type=\"widget\" data-e-type=\"widget\" data-widget_type=\"image.default\">\n\t\t\t\t<div class=\"elementor-widget-container\">\n\t\t\t\t\t\t\t\t\t\t\t\t\t\t\t\t<a href=\"https:\/\/buergergemeinde-balsthal.ch\/\">\n\t\t\t\t\t\t\t<img decoding=\"async\" width=\"300\" height=\"107\" src=\"https:\/\/buergergemeinde-balsthal.ch\/wp-content\/uploads\/2024\/11\/bg_logo_negativ.png\" class=\"attachment-full size-full wp-image-222\" alt=\"\" \/>\t\t\t\t\t\t\t\t<\/a>\n\t\t\t\t\t\t\t\t\t\t\t\t\t\t\t<\/div>\n\t\t\t\t<\/div>\n\t\t\t\t<\/div>\n\t\t<div class=\"elementor-element elementor-element-782bceed e-con-full e-flex e-con e-child\" data-id=\"782bceed\" data-element_type=\"container\" data-e-type=\"container\">\n\t\t\t\t<div class=\"elementor-element elementor-element-541dc7a6 elementor-widget elementor-widget-ekit-nav-menu\" data-id=\"541dc7a6\" data-element_type=\"widget\" data-e-type=\"widget\" data-widget_type=\"ekit-nav-menu.default\">\n\t\t\t\t<div class=\"elementor-widget-container\">\n\t\t\t\t\t\t\t<nav class=\"ekit-wid-con ekit_menu_responsive_tablet\"\n\t\t\tdata-hamburger-icon=\"\"\n\t\t\tdata-hamburger-icon-type=\"icon\"\n\t\t\tdata-responsive-breakpoint=\"1024\">\n\t\t\t            <button class=\"elementskit-menu-hamburger elementskit-menu-toggler\"  type=\"button\" aria-label=\"hamburger-icon\">\n                                    <span class=\"elementskit-menu-hamburger-icon\"><\/span><span class=\"elementskit-menu-hamburger-icon\"><\/span><span class=\"elementskit-menu-hamburger-icon\"><\/span>\n                            <\/button>\n            <div id=\"ekit-megamenu-hauptmenu\" class=\"elementskit-menu-container elementskit-menu-offcanvas-elements elementskit-navbar-nav-default ekit-nav-menu-one-page-no ekit-nav-dropdown-hover\"><ul id=\"menu-hauptmenu\" class=\"elementskit-navbar-nav elementskit-menu-po-right submenu-click-on-icon\"><li id=\"menu-item-7174\" class=\"menu-item menu-item-type-post_type menu-item-object-page menu-item-home menu-item-7174 nav-item elementskit-mobile-builder-content\" data-vertical-menu=750px><a href=\"https:\/\/buergergemeinde-balsthal.ch\/\" class=\"ekit-menu-nav-link\">Homepage<\/a><\/li>\n<li id=\"menu-item-64\" class=\"menu-item menu-item-type-custom menu-item-object-custom menu-item-has-children menu-item-64 nav-item elementskit-dropdown-has relative_position elementskit-dropdown-menu-default_width elementskit-mobile-builder-content\" data-vertical-menu=750px><a href=\"#\" class=\"ekit-menu-nav-link ekit-menu-dropdown-toggle\">Die B\u00fcrgergemeinde<i aria-hidden=\"true\" class=\"icon icon-arrow-point-to-down elementskit-submenu-indicator\"><\/i><\/a>\n<ul class=\"elementskit-dropdown elementskit-submenu-panel\">\n\t<li id=\"menu-item-380\" class=\"menu-item menu-item-type-post_type menu-item-object-page menu-item-380 nav-item elementskit-mobile-builder-content\" data-vertical-menu=750px><a href=\"https:\/\/buergergemeinde-balsthal.ch\/index.php\/das-ist-die-bg-balsthal\/\" class=\" dropdown-item\">Das ist die BG Balsthal<\/a>\t<li id=\"menu-item-381\" class=\"menu-item menu-item-type-post_type menu-item-object-page menu-item-381 nav-item elementskit-mobile-builder-content\" data-vertical-menu=750px><a href=\"https:\/\/buergergemeinde-balsthal.ch\/index.php\/komissionen-und-mitglieder\/\" class=\" dropdown-item\">Mitglieder &#038; Kommissionen<\/a>\t<li id=\"menu-item-379\" class=\"menu-item menu-item-type-post_type menu-item-object-page menu-item-379 nav-item elementskit-mobile-builder-content\" data-vertical-menu=750px><a href=\"https:\/\/buergergemeinde-balsthal.ch\/index.php\/buergerwesen\/\" class=\" dropdown-item\">B\u00fcrgerwesen<\/a>\t<li id=\"menu-item-272\" class=\"menu-item menu-item-type-post_type menu-item-object-page menu-item-272 nav-item elementskit-mobile-builder-content\" data-vertical-menu=750px><a href=\"https:\/\/buergergemeinde-balsthal.ch\/index.php\/einbuergerung\/\" class=\" dropdown-item\">Einb\u00fcrgerung<\/a>\t<li id=\"menu-item-539\" class=\"menu-item menu-item-type-post_type menu-item-object-page menu-item-539 nav-item elementskit-mobile-builder-content\" data-vertical-menu=750px><a href=\"https:\/\/buergergemeinde-balsthal.ch\/index.php\/gueter-eigentum\/\" class=\" dropdown-item\">G\u00fcter &#038; Eigentum<\/a>\t<li id=\"menu-item-388\" class=\"menu-item menu-item-type-post_type menu-item-object-page menu-item-388 nav-item elementskit-mobile-builder-content\" data-vertical-menu=750px><a href=\"https:\/\/buergergemeinde-balsthal.ch\/index.php\/buergerhaus\/\" class=\" dropdown-item\">B\u00fcrgerhaus<\/a>\t<li id=\"menu-item-382\" class=\"menu-item menu-item-type-post_type menu-item-object-page menu-item-382 nav-item elementskit-mobile-builder-content\" data-vertical-menu=750px><a href=\"https:\/\/buergergemeinde-balsthal.ch\/index.php\/mfh-oberfeld\/\" class=\" dropdown-item\">MFH Oberfeld<\/a><\/ul>\n<\/li>\n<li id=\"menu-item-66\" class=\"menu-item menu-item-type-custom menu-item-object-custom menu-item-has-children menu-item-66 nav-item elementskit-dropdown-has relative_position elementskit-dropdown-menu-default_width elementskit-mobile-builder-content\" data-vertical-menu=750px><a href=\"#\" class=\"ekit-menu-nav-link ekit-menu-dropdown-toggle\">Dienstleistungen<i aria-hidden=\"true\" class=\"icon icon-arrow-point-to-down elementskit-submenu-indicator\"><\/i><\/a>\n<ul class=\"elementskit-dropdown elementskit-submenu-panel\">\n\t<li id=\"menu-item-376\" class=\"menu-item menu-item-type-post_type menu-item-object-page menu-item-376 nav-item elementskit-mobile-builder-content\" data-vertical-menu=750px><a href=\"https:\/\/buergergemeinde-balsthal.ch\/index.php\/vermietungen\/\" class=\" dropdown-item\">Vermietungen<\/a>\t<li id=\"menu-item-387\" class=\"menu-item menu-item-type-post_type menu-item-object-page menu-item-387 nav-item elementskit-mobile-builder-content\" data-vertical-menu=750px><a href=\"https:\/\/buergergemeinde-balsthal.ch\/index.php\/downloads\/\" class=\" dropdown-item\">Downloads<\/a>\t<li id=\"menu-item-6473\" class=\"menu-item menu-item-type-post_type menu-item-object-page menu-item-6473 nav-item elementskit-mobile-builder-content\" data-vertical-menu=750px><a href=\"https:\/\/buergergemeinde-balsthal.ch\/index.php\/bilder-chronik\/\" class=\" dropdown-item\">Bilder Chronik<\/a>\t<li id=\"menu-item-394\" class=\"menu-item menu-item-type-post_type menu-item-object-page menu-item-394 nav-item elementskit-mobile-builder-content\" data-vertical-menu=750px><a href=\"https:\/\/buergergemeinde-balsthal.ch\/index.php\/publikationen\/\" class=\" dropdown-item\">Publikationen<\/a><\/ul>\n<\/li>\n<li id=\"menu-item-536\" class=\"menu-item menu-item-type-post_type menu-item-object-page menu-item-536 nav-item elementskit-mobile-builder-content\" data-vertical-menu=750px><a href=\"https:\/\/buergergemeinde-balsthal.ch\/index.php\/allmend-und-forst\/\" class=\"ekit-menu-nav-link\">Allmend &#038; Forst<\/a><\/li>\n<li id=\"menu-item-5555\" class=\"menu-item menu-item-type-post_type menu-item-object-page menu-item-5555 nav-item elementskit-mobile-builder-content\" data-vertical-menu=750px><a href=\"https:\/\/buergergemeinde-balsthal.ch\/index.php\/kontaktformular\/\" class=\"ekit-menu-nav-link\">Kontakt<\/a><\/li>\n<\/ul><div class=\"elementskit-nav-identity-panel\"><a class=\"elementskit-nav-logo\" href=\"https:\/\/buergergemeinde-balsthal.ch\" target=\"\" rel=\"\"><img src=\"https:\/\/buergergemeinde-balsthal.ch\/wp-content\/uploads\/2024\/11\/placeholder-661-1.png\" title=\"placeholder-661-1.png\" alt=\"placeholder-661-1.png\" decoding=\"async\" \/><\/a><button class=\"elementskit-menu-close elementskit-menu-toggler\" type=\"button\">X<\/button><\/div><\/div>\n\t\t\t<div class=\"elementskit-menu-overlay elementskit-menu-offcanvas-elements elementskit-menu-toggler ekit-nav-menu--overlay\"><\/div>        <\/nav>\n\t\t\t\t\t\t<\/div>\n\t\t\t\t<\/div>\n\t\t\t\t<\/div>\n\t\t\t\t<\/div>\n\t\t\t\t<\/div>\n\t\t<div class=\"elementor-element elementor-element-2027b48 e-flex e-con-boxed e-con e-parent\" data-id=\"2027b48\" data-element_type=\"container\" data-e-type=\"container\">\n\t\t\t\t\t<div class=\"e-con-inner\">\n\t\t<div class=\"elementor-element elementor-element-7a26cb4 e-con-full e-flex e-con e-child\" data-id=\"7a26cb4\" data-element_type=\"container\" data-e-type=\"container\">\n\t\t\t\t<div class=\"elementor-element elementor-element-4bc30e2 elementor-widget elementor-widget-image\" data-id=\"4bc30e2\" data-element_type=\"widget\" data-e-type=\"widget\" data-widget_type=\"image.default\">\n\t\t\t\t<div class=\"elementor-widget-container\">\n\t\t\t\t\t\t\t\t\t\t\t\t\t\t\t<img fetchpriority=\"high\" decoding=\"async\" width=\"373\" height=\"279\" src=\"https:\/\/buergergemeinde-balsthal.ch\/wp-content\/uploads\/2024\/11\/eigentum_mattenstoeckli-373x279-2.png\" class=\"attachment-full size-full wp-image-651\" alt=\"\" srcset=\"https:\/\/buergergemeinde-balsthal.ch\/wp-content\/uploads\/2024\/11\/eigentum_mattenstoeckli-373x279-2.png 373w, https:\/\/buergergemeinde-balsthal.ch\/wp-content\/uploads\/2024\/11\/eigentum_mattenstoeckli-373x279-2-300x224.png 300w\" sizes=\"(max-width: 373px) 100vw, 373px\" \/>\t\t\t\t\t\t\t\t\t\t\t\t\t\t\t<\/div>\n\t\t\t\t<\/div>\n\t\t\t\t<div class=\"elementor-element elementor-element-1fb273d elementor-widget elementor-widget-text-editor\" data-id=\"1fb273d\" data-element_type=\"widget\" data-e-type=\"widget\" data-widget_type=\"text-editor.default\">\n\t\t\t\t<div class=\"elementor-widget-container\">\n\t\t\t\t\t\t\t\t\t<p>Das Mattenst\u00f6ckli mit der Statue von Bruder Klaus liegt idyllisch am Waldrand.<\/p>\t\t\t\t\t\t\t\t<\/div>\n\t\t\t\t<\/div>\n\t\t\t\t<\/div>\n\t\t<div class=\"elementor-element elementor-element-257f28b e-con-full e-flex e-con e-child\" data-id=\"257f28b\" data-element_type=\"container\" data-e-type=\"container\">\n\t\t\t\t<div class=\"elementor-element elementor-element-b4154cb elementor-widget elementor-widget-heading\" data-id=\"b4154cb\" data-element_type=\"widget\" data-e-type=\"widget\" data-widget_type=\"heading.default\">\n\t\t\t\t<div class=\"elementor-widget-container\">\n\t\t\t\t\t<h2 class=\"elementor-heading-title elementor-size-default\">Mattenst\u00f6ckli<\/h2>\t\t\t\t<\/div>\n\t\t\t\t<\/div>\n\t\t\t\t<div class=\"elementor-element elementor-element-538ec06 elementor-widget-divider--view-line elementor-widget elementor-widget-divider\" data-id=\"538ec06\" data-element_type=\"widget\" data-e-type=\"widget\" data-widget_type=\"divider.default\">\n\t\t\t\t<div class=\"elementor-widget-container\">\n\t\t\t\t\t\t\t<div class=\"elementor-divider\">\n\t\t\t<span class=\"elementor-divider-separator\">\n\t\t\t\t\t\t<\/span>\n\t\t<\/div>\n\t\t\t\t\t\t<\/div>\n\t\t\t\t<\/div>\n\t\t\t\t<div class=\"elementor-element elementor-element-28c6ae0 elementor-widget elementor-widget-text-editor\" data-id=\"28c6ae0\" data-element_type=\"widget\" data-e-type=\"widget\" data-widget_type=\"text-editor.default\">\n\t\t\t\t<div class=\"elementor-widget-container\">\n\t\t\t\t\t\t\t\t\t<p>Das urspr\u00fcngliche Mattenst\u00f6ckli stammte aus den Jahr 1574. Es war dem heiligen Wendelin geweiht. Dieser ist heute noch Schutzpatron der Bauern, Hirten und Sch\u00e4fer. Er wurde angerufen zum Schutz gegen Viehseuchen oder zur Verh\u00fctung von Sch\u00e4den auf den Feldern und \u00c4ckern.<\/p><p>Im Laufe der Zeit zerfiel das hoch \u00fcber Balsthal thronende St\u00f6ckli und es verschwand von der Bildfl\u00e4che. Geplant war eine Wiederaufrichtung zur 500 Jahr-Feier des Standes Solothurn in den Bund der Eidgenossenschaft im Jahr 1981. Da man 1981 jedoch noch nicht soweit mit der Errichtung des St\u00f6cklis war, wurde die Einweihungsfeier auf den 500. Todestag des Heiligen Bruder Klaus im Jahr 1987 gelegt. Aus diesem Grund steht heute nicht der heilige Wendelin im St\u00f6ckli, sondern eine holzgeschnitzte Statue des Heiligen Bruder Klaus.<\/p><p>Im Jahre 2002 aufgefrischt l\u00e4dt dieser Ort zum verweilen ein und erlaubt einen sch\u00f6nen Ausblick auf St. Wolfgang und die Ruine Neu Falkenstein.<\/p>\t\t\t\t\t\t\t\t<\/div>\n\t\t\t\t<\/div>\n\t\t\t\t<\/div>\n\t\t\t\t\t<\/div>\n\t\t\t\t<\/div>\n\t\t<div class=\"elementor-element elementor-element-a53eb45 e-flex e-con-boxed e-con e-parent\" data-id=\"a53eb45\" data-element_type=\"container\" data-e-type=\"container\" data-settings=\"{&quot;background_background&quot;:&quot;classic&quot;}\">\n\t\t\t\t\t<div class=\"e-con-inner\">\n\t\t<div class=\"elementor-element elementor-element-2a4bcf78 e-con-full e-flex e-con e-child\" data-id=\"2a4bcf78\" data-element_type=\"container\" data-e-type=\"container\">\n\t\t\t\t<div class=\"elementor-element elementor-element-345c7004 elementor-widget elementor-widget-image\" data-id=\"345c7004\" data-element_type=\"widget\" data-e-type=\"widget\" data-widget_type=\"image.default\">\n\t\t\t\t<div class=\"elementor-widget-container\">\n\t\t\t\t\t\t\t\t\t\t\t\t\t\t\t\t<a href=\"https:\/\/wpmet.com\/plugin\/elementskit\/\">\n\t\t\t\t\t\t\t<img decoding=\"async\" width=\"300\" height=\"107\" src=\"https:\/\/buergergemeinde-balsthal.ch\/wp-content\/uploads\/2024\/11\/bg_logo_negativ.png\" class=\"attachment-full size-full wp-image-222\" alt=\"\" \/>\t\t\t\t\t\t\t\t<\/a>\n\t\t\t\t\t\t\t\t\t\t\t\t\t\t\t<\/div>\n\t\t\t\t<\/div>\n\t\t\t\t<\/div>\n\t\t<div class=\"elementor-element elementor-element-2ba48e18 e-con-full e-flex e-con e-child\" data-id=\"2ba48e18\" data-element_type=\"container\" data-e-type=\"container\">\n\t\t\t\t<div class=\"elementor-element elementor-element-268fe5a2 elementor-widget elementor-widget-heading\" data-id=\"268fe5a2\" data-element_type=\"widget\" data-e-type=\"widget\" data-widget_type=\"heading.default\">\n\t\t\t\t<div class=\"elementor-widget-container\">\n\t\t\t\t\t<h2 class=\"elementor-heading-title elementor-size-default\">DIREKTE LINKS<\/h2>\t\t\t\t<\/div>\n\t\t\t\t<\/div>\n\t\t\t\t<div class=\"elementor-element elementor-element-8d4bc15 ekit-has-divider-yes elementor-widget elementor-widget-elementskit-page-list\" data-id=\"8d4bc15\" data-element_type=\"widget\" data-e-type=\"widget\" data-widget_type=\"elementskit-page-list.default\">\n\t\t\t\t<div class=\"elementor-widget-container\">\n\t\t\t\t\t<div class=\"ekit-wid-con\" >\t\t<div class=\"elementor-icon-list-items \">\n\t\t\t\t\t\t\t<div class=\"elementor-icon-list-item   \">\n\t\t\t\t\t\t<a class=\"elementor-repeater-item-01d06f0 ekit_badge_left\" href=\"https:\/\/buergergemeinde-balsthal.ch\/index.php\/kontaktformular\/\">\n\t\t\t\t\t\t\t<div class=\"ekit_page_list_content\">\n\t\t\t\t\t\t\t\t\t\t\t\t\t\t\t\t<span class=\"elementor-icon-list-text\">\n\t\t\t\t\t\t\t\t\t<span class=\"ekit_page_list_title_title\">Kontaktformular<\/span>\n\t\t\t\t\t\t\t\t\t\t\t\t\t\t\t\t\t<\/span>\n\t\t\t\t\t\t\t<\/div>\n\t\t\t\t\t\t\t\t\t\t\t\t\t<\/a>\n\t\t\t\t\t<\/div>\n\t\t\t\t\t\t\t\t<div class=\"elementor-icon-list-item   \">\n\t\t\t\t\t\t<a class=\"elementor-repeater-item-fbb97e6 ekit_badge_left\" href=\"https:\/\/buergergemeinde-balsthal.ch\/index.php\/impressum\/\">\n\t\t\t\t\t\t\t<div class=\"ekit_page_list_content\">\n\t\t\t\t\t\t\t\t\t\t\t\t\t\t\t\t<span class=\"elementor-icon-list-text\">\n\t\t\t\t\t\t\t\t\t<span class=\"ekit_page_list_title_title\">Impressum<\/span>\n\t\t\t\t\t\t\t\t\t\t\t\t\t\t\t\t\t<\/span>\n\t\t\t\t\t\t\t<\/div>\n\t\t\t\t\t\t\t\t\t\t\t\t\t<\/a>\n\t\t\t\t\t<\/div>\n\t\t\t\t\t\t\t\t<div class=\"elementor-icon-list-item   \">\n\t\t\t\t\t\t<a class=\"elementor-repeater-item-f08945a ekit_badge_left\" href=\"https:\/\/buergergemeinde-balsthal.ch\/index.php\/datenschutzerklaerung\/\">\n\t\t\t\t\t\t\t<div class=\"ekit_page_list_content\">\n\t\t\t\t\t\t\t\t\t\t\t\t\t\t\t\t<span class=\"elementor-icon-list-text\">\n\t\t\t\t\t\t\t\t\t<span class=\"ekit_page_list_title_title\">Datenschutzerkl\u00e4rung<\/span>\n\t\t\t\t\t\t\t\t\t\t\t\t\t\t\t\t\t<\/span>\n\t\t\t\t\t\t\t<\/div>\n\t\t\t\t\t\t\t\t\t\t\t\t\t<\/a>\n\t\t\t\t\t<\/div>\n\t\t\t\t\t\t\t\t<div class=\"elementor-icon-list-item   \">\n\t\t\t\t\t\t<a class=\"elementor-repeater-item-bf46d99 ekit_badge_left\" href=\"https:\/\/buergergemeinde-balsthal.ch\/index.php\/downloads\/\">\n\t\t\t\t\t\t\t<div class=\"ekit_page_list_content\">\n\t\t\t\t\t\t\t\t\t\t\t\t\t\t\t\t<span class=\"elementor-icon-list-text\">\n\t\t\t\t\t\t\t\t\t<span class=\"ekit_page_list_title_title\">Downloads<\/span>\n\t\t\t\t\t\t\t\t\t\t\t\t\t\t\t\t\t<\/span>\n\t\t\t\t\t\t\t<\/div>\n\t\t\t\t\t\t\t\t\t\t\t\t\t<\/a>\n\t\t\t\t\t<\/div>\n\t\t\t\t\t\t<\/div>\n\t\t<\/div>\t\t\t\t<\/div>\n\t\t\t\t<\/div>\n\t\t\t\t<\/div>\n\t\t<div class=\"elementor-element elementor-element-3dadc8ff e-con-full e-flex e-con e-child\" data-id=\"3dadc8ff\" data-element_type=\"container\" data-e-type=\"container\">\n\t\t\t\t<div class=\"elementor-element elementor-element-4c05b6fb elementor-widget elementor-widget-heading\" data-id=\"4c05b6fb\" data-element_type=\"widget\" data-e-type=\"widget\" data-widget_type=\"heading.default\">\n\t\t\t\t<div class=\"elementor-widget-container\">\n\t\t\t\t\t<h2 class=\"elementor-heading-title elementor-size-default\">KONTAKT<\/h2>\t\t\t\t<\/div>\n\t\t\t\t<\/div>\n\t\t\t\t<div class=\"elementor-element elementor-element-54d7923 elementor-widget elementor-widget-text-editor\" data-id=\"54d7923\" data-element_type=\"widget\" data-e-type=\"widget\" data-widget_type=\"text-editor.default\">\n\t\t\t\t<div class=\"elementor-widget-container\">\n\t\t\t\t\t\t\t\t\t<div class=\"textwidget\"><p>B\u00fcrgergemeinde Balsthal<br \/>Falkensteinerstrasse 8<br \/>4710 Balsthal<\/p><p>info@buergergemeinde-balsthal.ch<\/p><\/div>\t\t\t\t\t\t\t\t<\/div>\n\t\t\t\t<\/div>\n\t\t\t\t<\/div>\n\t\t\t\t\t<\/div>\n\t\t\t\t<\/div>\n\t\t\t\t<section class=\"elementor-section elementor-top-section elementor-element elementor-element-e333710 elementor-section-boxed elementor-section-height-default elementor-section-height-default\" data-id=\"e333710\" data-element_type=\"section\" data-e-type=\"section\" data-settings=\"{&quot;background_background&quot;:&quot;classic&quot;}\">\n\t\t\t\t\t\t<div class=\"elementor-container elementor-column-gap-default\">\n\t\t\t\t\t<div class=\"elementor-column elementor-col-100 elementor-top-column elementor-element elementor-element-56461037\" data-id=\"56461037\" data-element_type=\"column\" data-e-type=\"column\">\n\t\t\t<div class=\"elementor-widget-wrap elementor-element-populated\">\n\t\t\t\t\t\t<div class=\"elementor-element elementor-element-4667b349 elementor-widget elementor-widget-elementskit-heading\" data-id=\"4667b349\" data-element_type=\"widget\" data-e-type=\"widget\" data-widget_type=\"elementskit-heading.default\">\n\t\t\t\t<div class=\"elementor-widget-container\">\n\t\t\t\t\t<div class=\"ekit-wid-con\" ><div class=\"ekit-heading elementskit-section-title-wraper text_left   ekit_heading_tablet-   ekit_heading_mobile-text_center\"><p class=\"ekit-heading--title elementskit-section-title \">\u00a92024. B\u00fcrgergemeinde Balsthal. All Rights Reserved.<\/p><\/div><\/div>\t\t\t\t<\/div>\n\t\t\t\t<\/div>\n\t\t\t\t\t<\/div>\n\t\t<\/div>\n\t\t\t\t\t<\/div>\n\t\t<\/section>\n\t\t\t\t<\/div>\n\t\t","protected":false},"excerpt":{"rendered":"<p>Home Die B\u00fcrgergemeinde Das ist die BG Balsthal Komissionen und Mitglieder B\u00fcrgerwesen Einb\u00fcrgerung G\u00fcter &#038; Eigentum B\u00fcrgerhaus MFH Oberfeld Allmend &#038; Forst Dienstleistungen Vermietungen Downloads Publikationen Kontakt X Das Mattenst\u00f6ckli mit der Statue von Bruder Klaus liegt idyllisch am Waldrand. Mattenst\u00f6ckli Das urspr\u00fcngliche Mattenst\u00f6ckli stammte aus den Jahr 1574. Es war dem heiligen Wendelin geweiht. [&hellip;]<\/p>\n","protected":false},"author":1,"featured_media":0,"parent":0,"menu_order":0,"comment_status":"closed","ping_status":"closed","template":"","meta":{"footnotes":""},"class_list":["post-649","page","type-page","status-publish","hentry"],"_links":{"self":[{"href":"https:\/\/buergergemeinde-balsthal.ch\/index.php\/wp-json\/wp\/v2\/pages\/649","targetHints":{"allow":["GET"]}}],"collection":[{"href":"https:\/\/buergergemeinde-balsthal.ch\/index.php\/wp-json\/wp\/v2\/pages"}],"about":[{"href":"https:\/\/buergergemeinde-balsthal.ch\/index.php\/wp-json\/wp\/v2\/types\/page"}],"author":[{"embeddable":true,"href":"https:\/\/buergergemeinde-balsthal.ch\/index.php\/wp-json\/wp\/v2\/users\/1"}],"replies":[{"embeddable":true,"href":"https:\/\/buergergemeinde-balsthal.ch\/index.php\/wp-json\/wp\/v2\/comments?post=649"}],"version-history":[{"count":0,"href":"https:\/\/buergergemeinde-balsthal.ch\/index.php\/wp-json\/wp\/v2\/pages\/649\/revisions"}],"wp:attachment":[{"href":"https:\/\/buergergemeinde-balsthal.ch\/index.php\/wp-json\/wp\/v2\/media?parent=649"}],"curies":[{"name":"wp","href":"https:\/\/api.w.org\/{rel}","templated":true}]}}