{"id":6451,"date":"2024-12-03T10:28:06","date_gmt":"2024-12-03T10:28:06","guid":{"rendered":"https:\/\/buergergemeinde-balsthal.ch\/bg-neu\/?page_id=6451"},"modified":"2024-12-03T10:56:39","modified_gmt":"2024-12-03T10:56:39","slug":"bilder-chronik","status":"publish","type":"page","link":"https:\/\/buergergemeinde-balsthal.ch\/index.php\/bilder-chronik\/","title":{"rendered":"Bilder Chronik"},"content":{"rendered":"\t\t<div data-elementor-type=\"wp-page\" data-elementor-id=\"6451\" class=\"elementor elementor-6451\">\n\t\t\t\t<div class=\"elementor-element elementor-element-162bcee1 e-con-full e-flex e-con e-parent\" data-id=\"162bcee1\" data-element_type=\"container\" data-e-type=\"container\">\n\t\t<div class=\"elementor-element elementor-element-4acc7e03 e-con-full e-flex e-con e-child\" data-id=\"4acc7e03\" data-element_type=\"container\" data-e-type=\"container\" data-settings=\"{&quot;background_background&quot;:&quot;classic&quot;}\">\n\t\t<div class=\"elementor-element elementor-element-2644a210 e-con-full e-flex e-con e-child\" data-id=\"2644a210\" data-element_type=\"container\" data-e-type=\"container\">\n\t\t\t\t<div class=\"elementor-element elementor-element-d583e8f elementor-widget elementor-widget-image\" data-id=\"d583e8f\" data-element_type=\"widget\" data-e-type=\"widget\" data-widget_type=\"image.default\">\n\t\t\t\t<div class=\"elementor-widget-container\">\n\t\t\t\t\t\t\t\t\t\t\t\t\t\t\t\t<a href=\"https:\/\/buergergemeinde-balsthal.ch\/\">\n\t\t\t\t\t\t\t<img decoding=\"async\" width=\"300\" height=\"107\" src=\"https:\/\/buergergemeinde-balsthal.ch\/wp-content\/uploads\/2024\/11\/bg_logo_negativ.png\" class=\"attachment-full size-full wp-image-222\" alt=\"\" \/>\t\t\t\t\t\t\t\t<\/a>\n\t\t\t\t\t\t\t\t\t\t\t\t\t\t\t<\/div>\n\t\t\t\t<\/div>\n\t\t\t\t<\/div>\n\t\t<div class=\"elementor-element elementor-element-15eceaf8 e-con-full e-flex e-con e-child\" data-id=\"15eceaf8\" data-element_type=\"container\" data-e-type=\"container\">\n\t\t\t\t<div class=\"elementor-element elementor-element-6e70ecac elementor-widget elementor-widget-ekit-nav-menu\" data-id=\"6e70ecac\" data-element_type=\"widget\" data-e-type=\"widget\" data-widget_type=\"ekit-nav-menu.default\">\n\t\t\t\t<div class=\"elementor-widget-container\">\n\t\t\t\t\t\t\t<nav class=\"ekit-wid-con ekit_menu_responsive_tablet\"\n\t\t\tdata-hamburger-icon=\"\"\n\t\t\tdata-hamburger-icon-type=\"icon\"\n\t\t\tdata-responsive-breakpoint=\"1024\">\n\t\t\t            <button class=\"elementskit-menu-hamburger elementskit-menu-toggler\"  type=\"button\" aria-label=\"hamburger-icon\">\n                                    <span class=\"elementskit-menu-hamburger-icon\"><\/span><span class=\"elementskit-menu-hamburger-icon\"><\/span><span class=\"elementskit-menu-hamburger-icon\"><\/span>\n                            <\/button>\n            <div id=\"ekit-megamenu-hauptmenu\" class=\"elementskit-menu-container elementskit-menu-offcanvas-elements elementskit-navbar-nav-default ekit-nav-menu-one-page- ekit-nav-dropdown-hover\"><ul id=\"menu-hauptmenu\" class=\"elementskit-navbar-nav elementskit-menu-po-right submenu-click-on-icon\"><li id=\"menu-item-7174\" class=\"menu-item menu-item-type-post_type menu-item-object-page menu-item-home menu-item-7174 nav-item elementskit-mobile-builder-content\" data-vertical-menu=750px><a href=\"https:\/\/buergergemeinde-balsthal.ch\/\" class=\"ekit-menu-nav-link\">Homepage<\/a><\/li>\n<li id=\"menu-item-64\" class=\"menu-item menu-item-type-custom menu-item-object-custom menu-item-has-children menu-item-64 nav-item elementskit-dropdown-has relative_position elementskit-dropdown-menu-default_width elementskit-mobile-builder-content\" data-vertical-menu=750px><a href=\"#\" class=\"ekit-menu-nav-link ekit-menu-dropdown-toggle\">Die B\u00fcrgergemeinde<i aria-hidden=\"true\" class=\"icon icon-arrow-point-to-down elementskit-submenu-indicator\"><\/i><\/a>\n<ul class=\"elementskit-dropdown elementskit-submenu-panel\">\n\t<li id=\"menu-item-380\" class=\"menu-item menu-item-type-post_type menu-item-object-page menu-item-380 nav-item elementskit-mobile-builder-content\" data-vertical-menu=750px><a href=\"https:\/\/buergergemeinde-balsthal.ch\/index.php\/das-ist-die-bg-balsthal\/\" class=\" dropdown-item\">Das ist die BG Balsthal<\/a>\t<li id=\"menu-item-381\" class=\"menu-item menu-item-type-post_type menu-item-object-page menu-item-381 nav-item elementskit-mobile-builder-content\" data-vertical-menu=750px><a href=\"https:\/\/buergergemeinde-balsthal.ch\/index.php\/komissionen-und-mitglieder\/\" class=\" dropdown-item\">Mitglieder &#038; Kommissionen<\/a>\t<li id=\"menu-item-379\" class=\"menu-item menu-item-type-post_type menu-item-object-page menu-item-379 nav-item elementskit-mobile-builder-content\" data-vertical-menu=750px><a href=\"https:\/\/buergergemeinde-balsthal.ch\/index.php\/buergerwesen\/\" class=\" dropdown-item\">B\u00fcrgerwesen<\/a>\t<li id=\"menu-item-272\" class=\"menu-item menu-item-type-post_type menu-item-object-page menu-item-272 nav-item elementskit-mobile-builder-content\" data-vertical-menu=750px><a href=\"https:\/\/buergergemeinde-balsthal.ch\/index.php\/einbuergerung\/\" class=\" dropdown-item\">Einb\u00fcrgerung<\/a>\t<li id=\"menu-item-539\" class=\"menu-item menu-item-type-post_type menu-item-object-page menu-item-539 nav-item elementskit-mobile-builder-content\" data-vertical-menu=750px><a href=\"https:\/\/buergergemeinde-balsthal.ch\/index.php\/gueter-eigentum\/\" class=\" dropdown-item\">G\u00fcter &#038; Eigentum<\/a>\t<li id=\"menu-item-388\" class=\"menu-item menu-item-type-post_type menu-item-object-page menu-item-388 nav-item elementskit-mobile-builder-content\" data-vertical-menu=750px><a href=\"https:\/\/buergergemeinde-balsthal.ch\/index.php\/buergerhaus\/\" class=\" dropdown-item\">B\u00fcrgerhaus<\/a>\t<li id=\"menu-item-382\" class=\"menu-item menu-item-type-post_type menu-item-object-page menu-item-382 nav-item elementskit-mobile-builder-content\" data-vertical-menu=750px><a href=\"https:\/\/buergergemeinde-balsthal.ch\/index.php\/mfh-oberfeld\/\" class=\" dropdown-item\">MFH Oberfeld<\/a><\/ul>\n<\/li>\n<li id=\"menu-item-66\" class=\"menu-item menu-item-type-custom menu-item-object-custom menu-item-has-children menu-item-66 nav-item elementskit-dropdown-has relative_position elementskit-dropdown-menu-default_width elementskit-mobile-builder-content\" data-vertical-menu=750px><a href=\"#\" class=\"ekit-menu-nav-link ekit-menu-dropdown-toggle\">Dienstleistungen<i aria-hidden=\"true\" class=\"icon icon-arrow-point-to-down elementskit-submenu-indicator\"><\/i><\/a>\n<ul class=\"elementskit-dropdown elementskit-submenu-panel\">\n\t<li id=\"menu-item-376\" class=\"menu-item menu-item-type-post_type menu-item-object-page menu-item-376 nav-item elementskit-mobile-builder-content\" data-vertical-menu=750px><a href=\"https:\/\/buergergemeinde-balsthal.ch\/index.php\/vermietungen\/\" class=\" dropdown-item\">Vermietungen<\/a>\t<li id=\"menu-item-387\" class=\"menu-item menu-item-type-post_type menu-item-object-page menu-item-387 nav-item elementskit-mobile-builder-content\" data-vertical-menu=750px><a href=\"https:\/\/buergergemeinde-balsthal.ch\/index.php\/downloads\/\" class=\" dropdown-item\">Downloads<\/a>\t<li id=\"menu-item-6473\" class=\"menu-item menu-item-type-post_type menu-item-object-page menu-item-6473 nav-item elementskit-mobile-builder-content\" data-vertical-menu=750px><a href=\"https:\/\/buergergemeinde-balsthal.ch\/index.php\/bilder-chronik\/\" class=\" dropdown-item\">Bilder Chronik<\/a>\t<li id=\"menu-item-394\" class=\"menu-item menu-item-type-post_type menu-item-object-page menu-item-394 nav-item elementskit-mobile-builder-content\" data-vertical-menu=750px><a href=\"https:\/\/buergergemeinde-balsthal.ch\/index.php\/publikationen\/\" class=\" dropdown-item\">Publikationen<\/a><\/ul>\n<\/li>\n<li id=\"menu-item-536\" class=\"menu-item menu-item-type-post_type menu-item-object-page menu-item-536 nav-item elementskit-mobile-builder-content\" data-vertical-menu=750px><a href=\"https:\/\/buergergemeinde-balsthal.ch\/index.php\/allmend-und-forst\/\" class=\"ekit-menu-nav-link\">Allmend &#038; Forst<\/a><\/li>\n<li id=\"menu-item-5555\" class=\"menu-item menu-item-type-post_type menu-item-object-page menu-item-5555 nav-item elementskit-mobile-builder-content\" data-vertical-menu=750px><a href=\"https:\/\/buergergemeinde-balsthal.ch\/index.php\/kontaktformular\/\" class=\"ekit-menu-nav-link\">Kontakt<\/a><\/li>\n<\/ul><div class=\"elementskit-nav-identity-panel\"><a class=\"elementskit-nav-logo\" href=\"https:\/\/buergergemeinde-balsthal.ch\" target=\"\" rel=\"\"><img src=\"https:\/\/buergergemeinde-balsthal.ch\/wp-content\/uploads\/2024\/11\/placeholder-661-1.png\" title=\"placeholder-661-1.png\" alt=\"placeholder-661-1.png\" decoding=\"async\" \/><\/a><button class=\"elementskit-menu-close elementskit-menu-toggler\" type=\"button\">X<\/button><\/div><\/div>\n\t\t\t<div class=\"elementskit-menu-overlay elementskit-menu-offcanvas-elements elementskit-menu-toggler ekit-nav-menu--overlay\"><\/div>        <\/nav>\n\t\t\t\t\t\t<\/div>\n\t\t\t\t<\/div>\n\t\t\t\t<\/div>\n\t\t\t\t<\/div>\n\t\t\t\t<\/div>\n\t\t<div class=\"elementor-element elementor-element-a20cb24 e-flex e-con-boxed e-con e-parent\" data-id=\"a20cb24\" data-element_type=\"container\" data-e-type=\"container\">\n\t\t\t\t\t<div class=\"e-con-inner\">\n\t\t\t\t<div class=\"elementor-element elementor-element-5d50d80 elementor-widget elementor-widget-heading\" data-id=\"5d50d80\" data-element_type=\"widget\" data-e-type=\"widget\" data-widget_type=\"heading.default\">\n\t\t\t\t<div class=\"elementor-widget-container\">\n\t\t\t\t\t<h2 class=\"elementor-heading-title elementor-size-default\">Bilder Chronik balsthal<\/h2>\t\t\t\t<\/div>\n\t\t\t\t<\/div>\n\t\t\t\t<div class=\"elementor-element elementor-element-f19a8cd elementor-widget-divider--view-line elementor-widget elementor-widget-divider\" data-id=\"f19a8cd\" data-element_type=\"widget\" data-e-type=\"widget\" data-widget_type=\"divider.default\">\n\t\t\t\t<div class=\"elementor-widget-container\">\n\t\t\t\t\t\t\t<div class=\"elementor-divider\">\n\t\t\t<span class=\"elementor-divider-separator\">\n\t\t\t\t\t\t<\/span>\n\t\t<\/div>\n\t\t\t\t\t\t<\/div>\n\t\t\t\t<\/div>\n\t\t\t\t\t<\/div>\n\t\t\t\t<\/div>\n\t\t<div class=\"elementor-element elementor-element-1df88f7 e-flex e-con-boxed e-con e-parent\" data-id=\"1df88f7\" data-element_type=\"container\" data-e-type=\"container\">\n\t\t\t\t\t<div class=\"e-con-inner\">\n\t\t<div class=\"elementor-element elementor-element-7b26113 e-con-full e-flex e-con e-child\" data-id=\"7b26113\" data-element_type=\"container\" data-e-type=\"container\">\n\t\t\t\t<div class=\"elementor-element elementor-element-f849c52 elementor-widget elementor-widget-image\" data-id=\"f849c52\" data-element_type=\"widget\" data-e-type=\"widget\" data-widget_type=\"image.default\">\n\t\t\t\t<div class=\"elementor-widget-container\">\n\t\t\t\t\t\t\t\t\t\t\t\t\t\t\t<img fetchpriority=\"high\" decoding=\"async\" width=\"600\" height=\"450\" src=\"https:\/\/buergergemeinde-balsthal.ch\/wp-content\/uploads\/2024\/12\/featured_geschichte_page.jpg\" class=\"attachment-large size-large wp-image-6465\" alt=\"\" srcset=\"https:\/\/buergergemeinde-balsthal.ch\/wp-content\/uploads\/2024\/12\/featured_geschichte_page.jpg 600w, https:\/\/buergergemeinde-balsthal.ch\/wp-content\/uploads\/2024\/12\/featured_geschichte_page-300x225.jpg 300w\" sizes=\"(max-width: 600px) 100vw, 600px\" \/>\t\t\t\t\t\t\t\t\t\t\t\t\t\t\t<\/div>\n\t\t\t\t<\/div>\n\t\t\t\t<\/div>\n\t\t<div class=\"elementor-element elementor-element-9a1ee95 e-con-full e-flex e-con e-child\" data-id=\"9a1ee95\" data-element_type=\"container\" data-e-type=\"container\">\n\t\t\t\t<div class=\"elementor-element elementor-element-61f1b72 elementor-widget elementor-widget-text-editor\" data-id=\"61f1b72\" data-element_type=\"widget\" data-e-type=\"widget\" data-widget_type=\"text-editor.default\">\n\t\t\t\t<div class=\"elementor-widget-container\">\n\t\t\t\t\t\t\t\t\t<h3 class=\"font-display text-7xl md:text-8xl\">Netzwerk Informationsmanagement f\u00fcr Kulturerbe Schweiz &#8211; gemeinsam Sch\u00e4tze heben<\/h3><p>Die Digitalisierung setzt neue Massst\u00e4be in der Pflege des Kulturerbes. Die Kantone Aargau, Basel-Landschaft, Bern und Solothurn betreiben ein gemeinsames Portal und Museumsnetzwerk, das allen interessierten Museen und Kulturinstitutionen offensteht. Zusammen werden Sammlungsbest\u00e4nde online erfasst und ver\u00f6ffentlicht.<\/p><p>Bislang wurden \u00fcber 1&#8217;000 Bilder aus den Best\u00e4nden der B\u00fcrgergemeinde durch die Archivkommssion eingescannt und im Kulturg\u00fcterportal ver\u00f6ffentlicht.<\/p>\t\t\t\t\t\t\t\t<\/div>\n\t\t\t\t<\/div>\n\t\t\t\t<div class=\"elementor-element elementor-element-dabaebc elementor-widget elementor-widget-text-editor\" data-id=\"dabaebc\" data-element_type=\"widget\" data-e-type=\"widget\" data-widget_type=\"text-editor.default\">\n\t\t\t\t<div class=\"elementor-widget-container\">\n\t\t\t\t\t\t\t\t\t<p>Direkter Link zu den Bildern nach Suche &#171;B\u00fcrgergemeinde Balsthal&#187;<\/p>\t\t\t\t\t\t\t\t<\/div>\n\t\t\t\t<\/div>\n\t\t\t\t<div class=\"elementor-element elementor-element-2e6af9b elementor-widget elementor-widget-button\" data-id=\"2e6af9b\" data-element_type=\"widget\" data-e-type=\"widget\" data-widget_type=\"button.default\">\n\t\t\t\t<div class=\"elementor-widget-container\">\n\t\t\t\t\t\t\t\t\t<div class=\"elementor-button-wrapper\">\n\t\t\t\t\t<a class=\"elementor-button elementor-button-link elementor-size-sm\" href=\"https:\/\/www.kimnet.ch\/objects?q=_fulltext_%3A%28B%C3%BCrgergemeinde+Balsthal%29&#038;sort=score+desc\" target=\"_blank\">\n\t\t\t\t\t\t<span class=\"elementor-button-content-wrapper\">\n\t\t\t\t\t\t\t\t\t<span class=\"elementor-button-text\">KIMnet.ch<\/span>\n\t\t\t\t\t<\/span>\n\t\t\t\t\t<\/a>\n\t\t\t\t<\/div>\n\t\t\t\t\t\t\t\t<\/div>\n\t\t\t\t<\/div>\n\t\t\t\t<\/div>\n\t\t\t\t\t<\/div>\n\t\t\t\t<\/div>\n\t\t<div class=\"elementor-element elementor-element-5c348b21 e-flex e-con-boxed e-con e-parent\" data-id=\"5c348b21\" data-element_type=\"container\" data-e-type=\"container\" data-settings=\"{&quot;background_background&quot;:&quot;classic&quot;}\">\n\t\t\t\t\t<div class=\"e-con-inner\">\n\t\t<div class=\"elementor-element elementor-element-4fa04f3b e-con-full e-flex e-con e-child\" data-id=\"4fa04f3b\" data-element_type=\"container\" data-e-type=\"container\">\n\t\t\t\t<div class=\"elementor-element elementor-element-6f874075 elementor-widget elementor-widget-image\" data-id=\"6f874075\" data-element_type=\"widget\" data-e-type=\"widget\" data-widget_type=\"image.default\">\n\t\t\t\t<div class=\"elementor-widget-container\">\n\t\t\t\t\t\t\t\t\t\t\t\t\t\t\t\t<a href=\"https:\/\/wpmet.com\/plugin\/elementskit\/\">\n\t\t\t\t\t\t\t<img decoding=\"async\" width=\"300\" height=\"107\" src=\"https:\/\/buergergemeinde-balsthal.ch\/wp-content\/uploads\/2024\/11\/bg_logo_negativ.png\" class=\"attachment-full size-full wp-image-222\" alt=\"\" \/>\t\t\t\t\t\t\t\t<\/a>\n\t\t\t\t\t\t\t\t\t\t\t\t\t\t\t<\/div>\n\t\t\t\t<\/div>\n\t\t\t\t<\/div>\n\t\t<div class=\"elementor-element elementor-element-44f22dde e-con-full e-flex e-con e-child\" data-id=\"44f22dde\" data-element_type=\"container\" data-e-type=\"container\">\n\t\t\t\t<div class=\"elementor-element elementor-element-4b4dd27d elementor-widget elementor-widget-heading\" data-id=\"4b4dd27d\" data-element_type=\"widget\" data-e-type=\"widget\" data-widget_type=\"heading.default\">\n\t\t\t\t<div class=\"elementor-widget-container\">\n\t\t\t\t\t<h2 class=\"elementor-heading-title elementor-size-default\">SERVICE<\/h2>\t\t\t\t<\/div>\n\t\t\t\t<\/div>\n\t\t\t\t<div class=\"elementor-element elementor-element-ab92364 elementor-list-item-link-full_width elementor-widget elementor-widget-icon-list\" data-id=\"ab92364\" data-element_type=\"widget\" data-e-type=\"widget\" data-widget_type=\"icon-list.default\">\n\t\t\t\t<div class=\"elementor-widget-container\">\n\t\t\t\t\t\t\t<ul class=\"elementor-icon-list-items\">\n\t\t\t\t\t\t\t<li class=\"elementor-icon-list-item\">\n\t\t\t\t\t\t\t\t\t\t\t<a href=\"https:\/\/buergergemeinde-balsthal.ch\/index.php\/kontaktformular\/\">\n\n\t\t\t\t\t\t\t\t\t\t\t<span class=\"elementor-icon-list-text\">Kontaktformular<\/span>\n\t\t\t\t\t\t\t\t\t\t\t<\/a>\n\t\t\t\t\t\t\t\t\t<\/li>\n\t\t\t\t\t\t\t\t<li class=\"elementor-icon-list-item\">\n\t\t\t\t\t\t\t\t\t\t\t<a href=\"https:\/\/buergergemeinde-balsthal.ch\/index.php\/impressum\/\">\n\n\t\t\t\t\t\t\t\t\t\t\t<span class=\"elementor-icon-list-text\">Impressum<\/span>\n\t\t\t\t\t\t\t\t\t\t\t<\/a>\n\t\t\t\t\t\t\t\t\t<\/li>\n\t\t\t\t\t\t\t\t<li class=\"elementor-icon-list-item\">\n\t\t\t\t\t\t\t\t\t\t\t<a href=\"https:\/\/buergergemeinde-balsthal.ch\/index.php\/datenschutzerklaerung\/\">\n\n\t\t\t\t\t\t\t\t\t\t\t<span class=\"elementor-icon-list-text\">Datenschutzerkl\u00e4rung<\/span>\n\t\t\t\t\t\t\t\t\t\t\t<\/a>\n\t\t\t\t\t\t\t\t\t<\/li>\n\t\t\t\t\t\t\t\t<li class=\"elementor-icon-list-item\">\n\t\t\t\t\t\t\t\t\t\t\t<a href=\"https:\/\/buergergemeinde-balsthal.ch\/index.php\/downloads\/\">\n\n\t\t\t\t\t\t\t\t\t\t\t<span class=\"elementor-icon-list-text\">Dokumente<\/span>\n\t\t\t\t\t\t\t\t\t\t\t<\/a>\n\t\t\t\t\t\t\t\t\t<\/li>\n\t\t\t\t\t\t<\/ul>\n\t\t\t\t\t\t<\/div>\n\t\t\t\t<\/div>\n\t\t\t\t<\/div>\n\t\t<div class=\"elementor-element elementor-element-985e87c e-con-full e-flex e-con e-child\" data-id=\"985e87c\" data-element_type=\"container\" data-e-type=\"container\">\n\t\t\t\t<div class=\"elementor-element elementor-element-6516636b elementor-widget elementor-widget-heading\" data-id=\"6516636b\" data-element_type=\"widget\" data-e-type=\"widget\" data-widget_type=\"heading.default\">\n\t\t\t\t<div class=\"elementor-widget-container\">\n\t\t\t\t\t<h2 class=\"elementor-heading-title elementor-size-default\">KONTAKT<\/h2>\t\t\t\t<\/div>\n\t\t\t\t<\/div>\n\t\t\t\t<div class=\"elementor-element elementor-element-132cdc2c elementor-widget elementor-widget-text-editor\" data-id=\"132cdc2c\" data-element_type=\"widget\" data-e-type=\"widget\" data-widget_type=\"text-editor.default\">\n\t\t\t\t<div class=\"elementor-widget-container\">\n\t\t\t\t\t\t\t\t\t<div class=\"textwidget\"><p>B\u00fcrgergemeinde Balsthal<br \/>Falkensteinerstrasse 8<br \/>4710 Balsthal<\/p><p>info@buergergemeinde-balsthal.ch<\/p><\/div>\t\t\t\t\t\t\t\t<\/div>\n\t\t\t\t<\/div>\n\t\t\t\t<\/div>\n\t\t\t\t\t<\/div>\n\t\t\t\t<\/div>\n\t\t\t\t<section class=\"elementor-section elementor-top-section elementor-element elementor-element-79a53a9b elementor-section-boxed elementor-section-height-default elementor-section-height-default\" data-id=\"79a53a9b\" data-element_type=\"section\" data-e-type=\"section\" data-settings=\"{&quot;background_background&quot;:&quot;classic&quot;}\">\n\t\t\t\t\t\t<div class=\"elementor-container elementor-column-gap-default\">\n\t\t\t\t\t<div class=\"elementor-column elementor-col-100 elementor-top-column elementor-element elementor-element-67ae9a15\" data-id=\"67ae9a15\" data-element_type=\"column\" data-e-type=\"column\">\n\t\t\t<div class=\"elementor-widget-wrap elementor-element-populated\">\n\t\t\t\t\t\t<div class=\"elementor-element elementor-element-6781d930 elementor-widget elementor-widget-elementskit-heading\" data-id=\"6781d930\" data-element_type=\"widget\" data-e-type=\"widget\" data-widget_type=\"elementskit-heading.default\">\n\t\t\t\t<div class=\"elementor-widget-container\">\n\t\t\t\t\t<div class=\"ekit-wid-con\" ><div class=\"ekit-heading elementskit-section-title-wraper text_left   ekit_heading_tablet-   ekit_heading_mobile-text_center\"><p class=\"ekit-heading--title elementskit-section-title \">\u00a92024. B\u00fcrgergemeinde Balsthal. All Rights Reserved.<\/p><\/div><\/div>\t\t\t\t<\/div>\n\t\t\t\t<\/div>\n\t\t\t\t\t<\/div>\n\t\t<\/div>\n\t\t\t\t\t<\/div>\n\t\t<\/section>\n\t\t\t\t<\/div>\n\t\t","protected":false},"excerpt":{"rendered":"<p>Homepage Die B\u00fcrgergemeinde Das ist die BG Balsthal Mitglieder &#038; Kommissionen B\u00fcrgerwesen Einb\u00fcrgerung G\u00fcter &#038; Eigentum B\u00fcrgerhaus MFH Oberfeld Dienstleistungen Vermietungen Downloads Publikationen Allmend &#038; Forst Kontakt X Bilder Chronik balsthal Netzwerk Informationsmanagement f\u00fcr Kulturerbe Schweiz &#8211; gemeinsam Sch\u00e4tze heben Die Digitalisierung setzt neue Massst\u00e4be in der Pflege des Kulturerbes. Die Kantone Aargau, Basel-Landschaft, Bern [&hellip;]<\/p>\n","protected":false},"author":1,"featured_media":0,"parent":0,"menu_order":0,"comment_status":"closed","ping_status":"closed","template":"","meta":{"footnotes":""},"class_list":["post-6451","page","type-page","status-publish","hentry"],"_links":{"self":[{"href":"https:\/\/buergergemeinde-balsthal.ch\/index.php\/wp-json\/wp\/v2\/pages\/6451","targetHints":{"allow":["GET"]}}],"collection":[{"href":"https:\/\/buergergemeinde-balsthal.ch\/index.php\/wp-json\/wp\/v2\/pages"}],"about":[{"href":"https:\/\/buergergemeinde-balsthal.ch\/index.php\/wp-json\/wp\/v2\/types\/page"}],"author":[{"embeddable":true,"href":"https:\/\/buergergemeinde-balsthal.ch\/index.php\/wp-json\/wp\/v2\/users\/1"}],"replies":[{"embeddable":true,"href":"https:\/\/buergergemeinde-balsthal.ch\/index.php\/wp-json\/wp\/v2\/comments?post=6451"}],"version-history":[{"count":0,"href":"https:\/\/buergergemeinde-balsthal.ch\/index.php\/wp-json\/wp\/v2\/pages\/6451\/revisions"}],"wp:attachment":[{"href":"https:\/\/buergergemeinde-balsthal.ch\/index.php\/wp-json\/wp\/v2\/media?parent=6451"}],"curies":[{"name":"wp","href":"https:\/\/api.w.org\/{rel}","templated":true}]}}