{"id":383,"date":"2024-11-26T15:31:33","date_gmt":"2024-11-26T15:31:33","guid":{"rendered":"https:\/\/buergergemeinde-balsthal.ch\/bg-neu\/?page_id=383"},"modified":"2024-11-30T16:39:52","modified_gmt":"2024-11-30T16:39:52","slug":"buergerhaus","status":"publish","type":"page","link":"https:\/\/buergergemeinde-balsthal.ch\/index.php\/buergerhaus\/","title":{"rendered":"B\u00fcrgerhaus"},"content":{"rendered":"\t\t<div data-elementor-type=\"wp-page\" data-elementor-id=\"383\" class=\"elementor elementor-383\">\n\t\t\t\t<div class=\"elementor-element elementor-element-6a7a165c e-con-full my-header e-flex e-con e-parent\" data-id=\"6a7a165c\" data-element_type=\"container\" data-e-type=\"container\">\n\t\t<div class=\"elementor-element elementor-element-13a3f413 e-con-full e-flex e-con e-child\" data-id=\"13a3f413\" data-element_type=\"container\" data-e-type=\"container\" data-settings=\"{&quot;background_background&quot;:&quot;classic&quot;}\">\n\t\t<div class=\"elementor-element elementor-element-542064f6 e-con-full e-flex e-con e-child\" data-id=\"542064f6\" data-element_type=\"container\" data-e-type=\"container\">\n\t\t\t\t<div class=\"elementor-element elementor-element-7890710c elementor-widget elementor-widget-image\" data-id=\"7890710c\" data-element_type=\"widget\" data-e-type=\"widget\" data-widget_type=\"image.default\">\n\t\t\t\t<div class=\"elementor-widget-container\">\n\t\t\t\t\t\t\t\t\t\t\t\t\t\t\t\t<a href=\"https:\/\/buergergemeinde-balsthal.ch\/\">\n\t\t\t\t\t\t\t<img decoding=\"async\" width=\"300\" height=\"107\" src=\"https:\/\/buergergemeinde-balsthal.ch\/wp-content\/uploads\/2024\/11\/bg_logo_negativ.png\" class=\"attachment-full size-full wp-image-222\" alt=\"\" \/>\t\t\t\t\t\t\t\t<\/a>\n\t\t\t\t\t\t\t\t\t\t\t\t\t\t\t<\/div>\n\t\t\t\t<\/div>\n\t\t\t\t<\/div>\n\t\t<div class=\"elementor-element elementor-element-2ff40069 e-con-full e-flex e-con e-child\" data-id=\"2ff40069\" data-element_type=\"container\" data-e-type=\"container\">\n\t\t\t\t<div class=\"elementor-element elementor-element-1ccbe2a2 elementor-widget elementor-widget-ekit-nav-menu\" data-id=\"1ccbe2a2\" data-element_type=\"widget\" data-e-type=\"widget\" data-widget_type=\"ekit-nav-menu.default\">\n\t\t\t\t<div class=\"elementor-widget-container\">\n\t\t\t\t\t\t\t<nav class=\"ekit-wid-con ekit_menu_responsive_tablet\"\n\t\t\tdata-hamburger-icon=\"\"\n\t\t\tdata-hamburger-icon-type=\"icon\"\n\t\t\tdata-responsive-breakpoint=\"1024\">\n\t\t\t            <button class=\"elementskit-menu-hamburger elementskit-menu-toggler\"  type=\"button\" aria-label=\"hamburger-icon\">\n                                    <span class=\"elementskit-menu-hamburger-icon\"><\/span><span class=\"elementskit-menu-hamburger-icon\"><\/span><span class=\"elementskit-menu-hamburger-icon\"><\/span>\n                            <\/button>\n            <div id=\"ekit-megamenu-hauptmenu\" class=\"elementskit-menu-container elementskit-menu-offcanvas-elements elementskit-navbar-nav-default ekit-nav-menu-one-page-no ekit-nav-dropdown-hover\"><ul id=\"menu-hauptmenu\" class=\"elementskit-navbar-nav elementskit-menu-po-right submenu-click-on-icon\"><li id=\"menu-item-7174\" class=\"menu-item menu-item-type-post_type menu-item-object-page menu-item-home menu-item-7174 nav-item elementskit-mobile-builder-content\" data-vertical-menu=750px><a href=\"https:\/\/buergergemeinde-balsthal.ch\/\" class=\"ekit-menu-nav-link\">Homepage<\/a><\/li>\n<li id=\"menu-item-64\" class=\"menu-item menu-item-type-custom menu-item-object-custom menu-item-has-children menu-item-64 nav-item elementskit-dropdown-has relative_position elementskit-dropdown-menu-default_width elementskit-mobile-builder-content\" data-vertical-menu=750px><a href=\"#\" class=\"ekit-menu-nav-link ekit-menu-dropdown-toggle\">Die B\u00fcrgergemeinde<i aria-hidden=\"true\" class=\"icon icon-arrow-point-to-down elementskit-submenu-indicator\"><\/i><\/a>\n<ul class=\"elementskit-dropdown elementskit-submenu-panel\">\n\t<li id=\"menu-item-380\" class=\"menu-item menu-item-type-post_type menu-item-object-page menu-item-380 nav-item elementskit-mobile-builder-content\" data-vertical-menu=750px><a href=\"https:\/\/buergergemeinde-balsthal.ch\/index.php\/das-ist-die-bg-balsthal\/\" class=\" dropdown-item\">Das ist die BG Balsthal<\/a>\t<li id=\"menu-item-381\" class=\"menu-item menu-item-type-post_type menu-item-object-page menu-item-381 nav-item elementskit-mobile-builder-content\" data-vertical-menu=750px><a href=\"https:\/\/buergergemeinde-balsthal.ch\/index.php\/komissionen-und-mitglieder\/\" class=\" dropdown-item\">Mitglieder &#038; Kommissionen<\/a>\t<li id=\"menu-item-379\" class=\"menu-item menu-item-type-post_type menu-item-object-page menu-item-379 nav-item elementskit-mobile-builder-content\" data-vertical-menu=750px><a href=\"https:\/\/buergergemeinde-balsthal.ch\/index.php\/buergerwesen\/\" class=\" dropdown-item\">B\u00fcrgerwesen<\/a>\t<li id=\"menu-item-272\" class=\"menu-item menu-item-type-post_type menu-item-object-page menu-item-272 nav-item elementskit-mobile-builder-content\" data-vertical-menu=750px><a href=\"https:\/\/buergergemeinde-balsthal.ch\/index.php\/einbuergerung\/\" class=\" dropdown-item\">Einb\u00fcrgerung<\/a>\t<li id=\"menu-item-539\" class=\"menu-item menu-item-type-post_type menu-item-object-page menu-item-539 nav-item elementskit-mobile-builder-content\" data-vertical-menu=750px><a href=\"https:\/\/buergergemeinde-balsthal.ch\/index.php\/gueter-eigentum\/\" class=\" dropdown-item\">G\u00fcter &#038; Eigentum<\/a>\t<li id=\"menu-item-388\" class=\"menu-item menu-item-type-post_type menu-item-object-page menu-item-388 nav-item elementskit-mobile-builder-content\" data-vertical-menu=750px><a href=\"https:\/\/buergergemeinde-balsthal.ch\/index.php\/buergerhaus\/\" class=\" dropdown-item\">B\u00fcrgerhaus<\/a>\t<li id=\"menu-item-382\" class=\"menu-item menu-item-type-post_type menu-item-object-page menu-item-382 nav-item elementskit-mobile-builder-content\" data-vertical-menu=750px><a href=\"https:\/\/buergergemeinde-balsthal.ch\/index.php\/mfh-oberfeld\/\" class=\" dropdown-item\">MFH Oberfeld<\/a><\/ul>\n<\/li>\n<li id=\"menu-item-66\" class=\"menu-item menu-item-type-custom menu-item-object-custom menu-item-has-children menu-item-66 nav-item elementskit-dropdown-has relative_position elementskit-dropdown-menu-default_width elementskit-mobile-builder-content\" data-vertical-menu=750px><a href=\"#\" class=\"ekit-menu-nav-link ekit-menu-dropdown-toggle\">Dienstleistungen<i aria-hidden=\"true\" class=\"icon icon-arrow-point-to-down elementskit-submenu-indicator\"><\/i><\/a>\n<ul class=\"elementskit-dropdown elementskit-submenu-panel\">\n\t<li id=\"menu-item-376\" class=\"menu-item menu-item-type-post_type menu-item-object-page menu-item-376 nav-item elementskit-mobile-builder-content\" data-vertical-menu=750px><a href=\"https:\/\/buergergemeinde-balsthal.ch\/index.php\/vermietungen\/\" class=\" dropdown-item\">Vermietungen<\/a>\t<li id=\"menu-item-387\" class=\"menu-item menu-item-type-post_type menu-item-object-page menu-item-387 nav-item elementskit-mobile-builder-content\" data-vertical-menu=750px><a href=\"https:\/\/buergergemeinde-balsthal.ch\/index.php\/downloads\/\" class=\" dropdown-item\">Downloads<\/a>\t<li id=\"menu-item-6473\" class=\"menu-item menu-item-type-post_type menu-item-object-page menu-item-6473 nav-item elementskit-mobile-builder-content\" data-vertical-menu=750px><a href=\"https:\/\/buergergemeinde-balsthal.ch\/index.php\/bilder-chronik\/\" class=\" dropdown-item\">Bilder Chronik<\/a>\t<li id=\"menu-item-394\" class=\"menu-item menu-item-type-post_type menu-item-object-page menu-item-394 nav-item elementskit-mobile-builder-content\" data-vertical-menu=750px><a href=\"https:\/\/buergergemeinde-balsthal.ch\/index.php\/publikationen\/\" class=\" dropdown-item\">Publikationen<\/a><\/ul>\n<\/li>\n<li id=\"menu-item-536\" class=\"menu-item menu-item-type-post_type menu-item-object-page menu-item-536 nav-item elementskit-mobile-builder-content\" data-vertical-menu=750px><a href=\"https:\/\/buergergemeinde-balsthal.ch\/index.php\/allmend-und-forst\/\" class=\"ekit-menu-nav-link\">Allmend &#038; Forst<\/a><\/li>\n<li id=\"menu-item-5555\" class=\"menu-item menu-item-type-post_type menu-item-object-page menu-item-5555 nav-item elementskit-mobile-builder-content\" data-vertical-menu=750px><a href=\"https:\/\/buergergemeinde-balsthal.ch\/index.php\/kontaktformular\/\" class=\"ekit-menu-nav-link\">Kontakt<\/a><\/li>\n<\/ul><div class=\"elementskit-nav-identity-panel\"><a class=\"elementskit-nav-logo\" href=\"https:\/\/buergergemeinde-balsthal.ch\" target=\"\" rel=\"\"><img src=\"https:\/\/buergergemeinde-balsthal.ch\/wp-content\/uploads\/2024\/11\/placeholder-661-1.png\" title=\"placeholder-661-1.png\" alt=\"placeholder-661-1.png\" decoding=\"async\" \/><\/a><button class=\"elementskit-menu-close elementskit-menu-toggler\" type=\"button\">X<\/button><\/div><\/div>\n\t\t\t<div class=\"elementskit-menu-overlay elementskit-menu-offcanvas-elements elementskit-menu-toggler ekit-nav-menu--overlay\"><\/div>        <\/nav>\n\t\t\t\t\t\t<\/div>\n\t\t\t\t<\/div>\n\t\t\t\t<\/div>\n\t\t\t\t<\/div>\n\t\t\t\t<\/div>\n\t\t<div class=\"elementor-element elementor-element-fc03076 e-flex e-con-boxed e-con e-parent\" data-id=\"fc03076\" data-element_type=\"container\" data-e-type=\"container\">\n\t\t\t\t\t<div class=\"e-con-inner\">\n\t\t<div class=\"elementor-element elementor-element-a362a85 e-con-full e-flex e-con e-child\" data-id=\"a362a85\" data-element_type=\"container\" data-e-type=\"container\">\n\t\t\t\t<div class=\"elementor-element elementor-element-1e8a7ab elementor-widget elementor-widget-image\" data-id=\"1e8a7ab\" data-element_type=\"widget\" data-e-type=\"widget\" data-widget_type=\"image.default\">\n\t\t\t\t<div class=\"elementor-widget-container\">\n\t\t\t\t\t\t\t\t\t\t\t\t\t\t\t<img fetchpriority=\"high\" decoding=\"async\" width=\"814\" height=\"459\" src=\"https:\/\/buergergemeinde-balsthal.ch\/wp-content\/uploads\/2024\/11\/buergerhaus.jpg\" class=\"attachment-full size-full wp-image-471\" alt=\"\" srcset=\"https:\/\/buergergemeinde-balsthal.ch\/wp-content\/uploads\/2024\/11\/buergerhaus.jpg 814w, https:\/\/buergergemeinde-balsthal.ch\/wp-content\/uploads\/2024\/11\/buergerhaus-300x169.jpg 300w, https:\/\/buergergemeinde-balsthal.ch\/wp-content\/uploads\/2024\/11\/buergerhaus-768x433.jpg 768w\" sizes=\"(max-width: 814px) 100vw, 814px\" \/>\t\t\t\t\t\t\t\t\t\t\t\t\t\t\t<\/div>\n\t\t\t\t<\/div>\n\t\t\t\t<div class=\"elementor-element elementor-element-483b680 gallery-spacing-custom elementor-widget elementor-widget-image-gallery\" data-id=\"483b680\" data-element_type=\"widget\" data-e-type=\"widget\" data-widget_type=\"image-gallery.default\">\n\t\t\t\t<div class=\"elementor-widget-container\">\n\t\t\t\t\t\t\t<div class=\"elementor-image-gallery\">\n\t\t\t<div id='gallery-1' class='gallery galleryid-383 gallery-columns-4 gallery-size-full'><figure class='gallery-item'>\n\t\t\t<div class='gallery-icon landscape'>\n\t\t\t\t<a data-elementor-open-lightbox=\"yes\" data-elementor-lightbox-slideshow=\"483b680\" data-elementor-lightbox-title=\"buergerhaus_01\" data-e-action-hash=\"#elementor-action%3Aaction%3Dlightbox%26settings%3DeyJpZCI6NDcyLCJ1cmwiOiJodHRwczpcL1wvYnVlcmdlcmdlbWVpbmRlLWJhbHN0aGFsLmNoXC93cC1jb250ZW50XC91cGxvYWRzXC8yMDI0XC8xMVwvYnVlcmdlcmhhdXNfMDEuanBnIiwic2xpZGVzaG93IjoiNDgzYjY4MCJ9\" href='https:\/\/buergergemeinde-balsthal.ch\/wp-content\/uploads\/2024\/11\/buergerhaus_01.jpg'><img decoding=\"async\" width=\"373\" height=\"279\" src=\"https:\/\/buergergemeinde-balsthal.ch\/wp-content\/uploads\/2024\/11\/buergerhaus_01.jpg\" class=\"attachment-full size-full\" alt=\"\" aria-describedby=\"gallery-1-472\" srcset=\"https:\/\/buergergemeinde-balsthal.ch\/wp-content\/uploads\/2024\/11\/buergerhaus_01.jpg 373w, https:\/\/buergergemeinde-balsthal.ch\/wp-content\/uploads\/2024\/11\/buergerhaus_01-300x224.jpg 300w\" sizes=\"(max-width: 373px) 100vw, 373px\" \/><\/a>\n\t\t\t<\/div>\n\t\t\t\t<figcaption class='wp-caption-text gallery-caption' id='gallery-1-472'>\n\t\t\t\tVor der Renovation\n\t\t\t\t<\/figcaption><\/figure><figure class='gallery-item'>\n\t\t\t<div class='gallery-icon landscape'>\n\t\t\t\t<a data-elementor-open-lightbox=\"yes\" data-elementor-lightbox-slideshow=\"483b680\" data-elementor-lightbox-title=\"buergerhaus_02\" data-e-action-hash=\"#elementor-action%3Aaction%3Dlightbox%26settings%3DeyJpZCI6NDczLCJ1cmwiOiJodHRwczpcL1wvYnVlcmdlcmdlbWVpbmRlLWJhbHN0aGFsLmNoXC93cC1jb250ZW50XC91cGxvYWRzXC8yMDI0XC8xMVwvYnVlcmdlcmhhdXNfMDIuanBnIiwic2xpZGVzaG93IjoiNDgzYjY4MCJ9\" href='https:\/\/buergergemeinde-balsthal.ch\/wp-content\/uploads\/2024\/11\/buergerhaus_02.jpg'><img loading=\"lazy\" decoding=\"async\" width=\"373\" height=\"280\" src=\"https:\/\/buergergemeinde-balsthal.ch\/wp-content\/uploads\/2024\/11\/buergerhaus_02.jpg\" class=\"attachment-full size-full\" alt=\"\" aria-describedby=\"gallery-1-473\" srcset=\"https:\/\/buergergemeinde-balsthal.ch\/wp-content\/uploads\/2024\/11\/buergerhaus_02.jpg 373w, https:\/\/buergergemeinde-balsthal.ch\/wp-content\/uploads\/2024\/11\/buergerhaus_02-300x225.jpg 300w\" sizes=\"(max-width: 373px) 100vw, 373px\" \/><\/a>\n\t\t\t<\/div>\n\t\t\t\t<figcaption class='wp-caption-text gallery-caption' id='gallery-1-473'>\n\t\t\t\tB\u00fcrgerkeller\n\t\t\t\t<\/figcaption><\/figure><figure class='gallery-item'>\n\t\t\t<div class='gallery-icon landscape'>\n\t\t\t\t<a data-elementor-open-lightbox=\"yes\" data-elementor-lightbox-slideshow=\"483b680\" data-elementor-lightbox-title=\"buergerhaus_03\" data-e-action-hash=\"#elementor-action%3Aaction%3Dlightbox%26settings%3DeyJpZCI6NDc0LCJ1cmwiOiJodHRwczpcL1wvYnVlcmdlcmdlbWVpbmRlLWJhbHN0aGFsLmNoXC93cC1jb250ZW50XC91cGxvYWRzXC8yMDI0XC8xMVwvYnVlcmdlcmhhdXNfMDMuanBnIiwic2xpZGVzaG93IjoiNDgzYjY4MCJ9\" href='https:\/\/buergergemeinde-balsthal.ch\/wp-content\/uploads\/2024\/11\/buergerhaus_03.jpg'><img loading=\"lazy\" decoding=\"async\" width=\"373\" height=\"280\" src=\"https:\/\/buergergemeinde-balsthal.ch\/wp-content\/uploads\/2024\/11\/buergerhaus_03.jpg\" class=\"attachment-full size-full\" alt=\"\" aria-describedby=\"gallery-1-474\" srcset=\"https:\/\/buergergemeinde-balsthal.ch\/wp-content\/uploads\/2024\/11\/buergerhaus_03.jpg 373w, https:\/\/buergergemeinde-balsthal.ch\/wp-content\/uploads\/2024\/11\/buergerhaus_03-300x225.jpg 300w\" sizes=\"(max-width: 373px) 100vw, 373px\" \/><\/a>\n\t\t\t<\/div>\n\t\t\t\t<figcaption class='wp-caption-text gallery-caption' id='gallery-1-474'>\n\t\t\t\tSitzungszimmer\n\t\t\t\t<\/figcaption><\/figure><figure class='gallery-item'>\n\t\t\t<div class='gallery-icon landscape'>\n\t\t\t\t<a data-elementor-open-lightbox=\"yes\" data-elementor-lightbox-slideshow=\"483b680\" data-elementor-lightbox-title=\"buergerhaus_04\" data-e-action-hash=\"#elementor-action%3Aaction%3Dlightbox%26settings%3DeyJpZCI6NDc1LCJ1cmwiOiJodHRwczpcL1wvYnVlcmdlcmdlbWVpbmRlLWJhbHN0aGFsLmNoXC93cC1jb250ZW50XC91cGxvYWRzXC8yMDI0XC8xMVwvYnVlcmdlcmhhdXNfMDQuanBnIiwic2xpZGVzaG93IjoiNDgzYjY4MCJ9\" href='https:\/\/buergergemeinde-balsthal.ch\/wp-content\/uploads\/2024\/11\/buergerhaus_04.jpg'><img loading=\"lazy\" decoding=\"async\" width=\"372\" height=\"280\" src=\"https:\/\/buergergemeinde-balsthal.ch\/wp-content\/uploads\/2024\/11\/buergerhaus_04.jpg\" class=\"attachment-full size-full\" alt=\"\" aria-describedby=\"gallery-1-475\" srcset=\"https:\/\/buergergemeinde-balsthal.ch\/wp-content\/uploads\/2024\/11\/buergerhaus_04.jpg 372w, https:\/\/buergergemeinde-balsthal.ch\/wp-content\/uploads\/2024\/11\/buergerhaus_04-300x226.jpg 300w\" sizes=\"(max-width: 372px) 100vw, 372px\" \/><\/a>\n\t\t\t<\/div>\n\t\t\t\t<figcaption class='wp-caption-text gallery-caption' id='gallery-1-475'>\n\t\t\t\tAusstellungsraum\n\t\t\t\t<\/figcaption><\/figure>\n\t\t<\/div>\n\t\t<\/div>\n\t\t\t\t\t\t<\/div>\n\t\t\t\t<\/div>\n\t\t\t\t<\/div>\n\t\t<div class=\"elementor-element elementor-element-85a1a0a e-con-full e-flex e-con e-child\" data-id=\"85a1a0a\" data-element_type=\"container\" data-e-type=\"container\">\n\t\t\t\t<div class=\"elementor-element elementor-element-07c39a4 elementor-widget elementor-widget-heading\" data-id=\"07c39a4\" data-element_type=\"widget\" data-e-type=\"widget\" data-widget_type=\"heading.default\">\n\t\t\t\t<div class=\"elementor-widget-container\">\n\t\t\t\t\t<h2 class=\"elementor-heading-title elementor-size-default\">B\u00fcrgerhaus<\/h2>\t\t\t\t<\/div>\n\t\t\t\t<\/div>\n\t\t\t\t<div class=\"elementor-element elementor-element-334a74d elementor-widget-divider--view-line elementor-widget elementor-widget-divider\" data-id=\"334a74d\" data-element_type=\"widget\" data-e-type=\"widget\" data-widget_type=\"divider.default\">\n\t\t\t\t<div class=\"elementor-widget-container\">\n\t\t\t\t\t\t\t<div class=\"elementor-divider\">\n\t\t\t<span class=\"elementor-divider-separator\">\n\t\t\t\t\t\t<\/span>\n\t\t<\/div>\n\t\t\t\t\t\t<\/div>\n\t\t\t\t<\/div>\n\t\t\t\t<div class=\"elementor-element elementor-element-61175a2 elementor-widget elementor-widget-text-editor\" data-id=\"61175a2\" data-element_type=\"widget\" data-e-type=\"widget\" data-widget_type=\"text-editor.default\">\n\t\t\t\t<div class=\"elementor-widget-container\">\n\t\t\t\t\t\t\t\t\t<div class=\"entry-content clearfix\"><div class=\"vce-row-container\" data-vce-boxed-width=\"true\"><div id=\"el-14737698\" class=\"vce-row vce-row--col-gap-30 vce-row-content--top\" data-vce-do-apply=\"all el-14737698\"><div class=\"vce-row-content\" data-vce-element-content=\"true\"><div id=\"el-ec5e4f4c\" class=\"vce-col vce-col--md-100p vce-col--xs-1 vce-col--xs-last vce-col--xs-first vce-col--sm-last vce-col--sm-first vce-col--md-last vce-col--lg-last vce-col--xl-last vce-col--md-first vce-col--lg-first vce-col--xl-first\"><div class=\"vce-col-inner\" data-vce-do-apply=\"border margin background el-ec5e4f4c\"><div class=\"vce-col-content\" data-vce-element-content=\"true\" data-vce-do-apply=\"padding el-ec5e4f4c\"><div class=\"vce-text-block\"><div id=\"el-34171309\" class=\"vce-text-block-wrapper vce\" data-vce-do-apply=\"all el-34171309\"><div id=\"el-99817c3b\" class=\"vce-col vce-col--md-66-66p vce-col--xs-1 vce-col--xs-last vce-col--xs-first vce-col--sm-last vce-col--sm-first vce-col--md-last vce-col--lg-last vce-col--xl-last\"><div class=\"vce-col-inner\" data-vce-do-apply=\"border margin background el-99817c3b\"><div class=\"vce-col-content\" data-vce-element-content=\"true\" data-vce-do-apply=\"padding el-99817c3b\"><div class=\"vce-text-block\"><div id=\"el-43417173\" class=\"vce-text-block-wrapper vce\" data-vce-do-apply=\"all el-43417173\"><h4>Das heutige B\u00fcrgerhaus wurde im Jahre 2002 erworben und vollst\u00e4ndig saniert. Es wird genutzt als B\u00fcrgerarchiv und Sitzungszimmer der B\u00fcrgergemeinde.<\/h4><p>Die andern R\u00e4ume k\u00f6nnen <a href=\"https:\/\/buergergemeinde-balsthal.ch\/index.php\/vermietungen\/\"><strong>gemietet<\/strong><\/a> werden.<\/p><p>Das 1798 erstellte Geb\u00e4ude im Dorfzentrum hat die B\u00fcrgergemeinde Balsthal mit Urnenabstimmung vom 23. September 2001 von der Einwohnergemeinde Balsthal gekauft. Am 28. M\u00e4rz 2002 wurde der Kaufvertrag unterzeichnet und bereits 1 Woche sp\u00e4ter begannen die umfassenden Renovationsarbeiten.<\/p><p>Das frisch sanierte Geb\u00e4ude dient seit Oktober 2002 als neues B\u00fcrgerarchiv und steht mit seinen vielen R\u00e4umen der Allgemeinheit zur unterschiedlichsten Nutzung zur Verf\u00fcgung.<\/p><p>Die B\u00fcrgergemeinde hat per Ende September 2002 eine kleine Publikation verfasst, in welcher die Geschichte dieses Geb\u00e4udes etwas umfassender beschrieben ist.<\/p><p>Untenstehende Bilder sollen den jetzigen Zustand des prachtvollen Baus am Dorfeingang zeigen. Der Vergleich der Aussenansichten zeigt auf, wie sich das Haus optisch ver\u00e4ndert hat und so zum positiven Blickfang wurde.<\/p><\/div><\/div><\/div><\/div><\/div><\/div><\/div><\/div><\/div><\/div><\/div><\/div><\/div><\/div>\t\t\t\t\t\t\t\t<\/div>\n\t\t\t\t<\/div>\n\t\t\t\t<\/div>\n\t\t\t\t\t<\/div>\n\t\t\t\t<\/div>\n\t\t<div class=\"elementor-element elementor-element-2213d0a1 e-flex e-con-boxed e-con e-parent\" data-id=\"2213d0a1\" data-element_type=\"container\" data-e-type=\"container\" data-settings=\"{&quot;background_background&quot;:&quot;classic&quot;}\">\n\t\t\t\t\t<div class=\"e-con-inner\">\n\t\t<div class=\"elementor-element elementor-element-55e7873c e-con-full e-flex e-con e-child\" data-id=\"55e7873c\" data-element_type=\"container\" data-e-type=\"container\">\n\t\t\t\t<div class=\"elementor-element elementor-element-5b462d08 elementor-widget elementor-widget-image\" data-id=\"5b462d08\" data-element_type=\"widget\" data-e-type=\"widget\" data-widget_type=\"image.default\">\n\t\t\t\t<div class=\"elementor-widget-container\">\n\t\t\t\t\t\t\t\t\t\t\t\t\t\t\t\t<a href=\"https:\/\/wpmet.com\/plugin\/elementskit\/\">\n\t\t\t\t\t\t\t<img decoding=\"async\" width=\"300\" height=\"107\" src=\"https:\/\/buergergemeinde-balsthal.ch\/wp-content\/uploads\/2024\/11\/bg_logo_negativ.png\" class=\"attachment-full size-full wp-image-222\" alt=\"\" \/>\t\t\t\t\t\t\t\t<\/a>\n\t\t\t\t\t\t\t\t\t\t\t\t\t\t\t<\/div>\n\t\t\t\t<\/div>\n\t\t\t\t<\/div>\n\t\t<div class=\"elementor-element elementor-element-23381ee6 e-con-full e-flex e-con e-child\" data-id=\"23381ee6\" data-element_type=\"container\" data-e-type=\"container\">\n\t\t\t\t<div class=\"elementor-element elementor-element-11685b3b elementor-widget elementor-widget-heading\" data-id=\"11685b3b\" data-element_type=\"widget\" data-e-type=\"widget\" data-widget_type=\"heading.default\">\n\t\t\t\t<div class=\"elementor-widget-container\">\n\t\t\t\t\t<h2 class=\"elementor-heading-title elementor-size-default\">SERVICE<\/h2>\t\t\t\t<\/div>\n\t\t\t\t<\/div>\n\t\t\t\t<div class=\"elementor-element elementor-element-410fb49a elementor-list-item-link-full_width elementor-widget elementor-widget-icon-list\" data-id=\"410fb49a\" data-element_type=\"widget\" data-e-type=\"widget\" data-widget_type=\"icon-list.default\">\n\t\t\t\t<div class=\"elementor-widget-container\">\n\t\t\t\t\t\t\t<ul class=\"elementor-icon-list-items\">\n\t\t\t\t\t\t\t<li class=\"elementor-icon-list-item\">\n\t\t\t\t\t\t\t\t\t\t\t<a href=\"https:\/\/buergergemeinde-balsthal.ch\/index.php\/kontaktformular\/\">\n\n\t\t\t\t\t\t\t\t\t\t\t<span class=\"elementor-icon-list-text\">Kontaktformular<\/span>\n\t\t\t\t\t\t\t\t\t\t\t<\/a>\n\t\t\t\t\t\t\t\t\t<\/li>\n\t\t\t\t\t\t\t\t<li class=\"elementor-icon-list-item\">\n\t\t\t\t\t\t\t\t\t\t\t<a href=\"https:\/\/buergergemeinde-balsthal.ch\/index.php\/impressum\/\">\n\n\t\t\t\t\t\t\t\t\t\t\t<span class=\"elementor-icon-list-text\">Impressum<\/span>\n\t\t\t\t\t\t\t\t\t\t\t<\/a>\n\t\t\t\t\t\t\t\t\t<\/li>\n\t\t\t\t\t\t\t\t<li class=\"elementor-icon-list-item\">\n\t\t\t\t\t\t\t\t\t\t\t<a href=\"https:\/\/buergergemeinde-balsthal.ch\/index.php\/datenschutzerklaerung\/\">\n\n\t\t\t\t\t\t\t\t\t\t\t<span class=\"elementor-icon-list-text\">Datenschutzerkl\u00e4rung<\/span>\n\t\t\t\t\t\t\t\t\t\t\t<\/a>\n\t\t\t\t\t\t\t\t\t<\/li>\n\t\t\t\t\t\t\t\t<li class=\"elementor-icon-list-item\">\n\t\t\t\t\t\t\t\t\t\t\t<a href=\"https:\/\/buergergemeinde-balsthal.ch\/index.php\/downloads\/\">\n\n\t\t\t\t\t\t\t\t\t\t\t<span class=\"elementor-icon-list-text\">Dokumente<\/span>\n\t\t\t\t\t\t\t\t\t\t\t<\/a>\n\t\t\t\t\t\t\t\t\t<\/li>\n\t\t\t\t\t\t<\/ul>\n\t\t\t\t\t\t<\/div>\n\t\t\t\t<\/div>\n\t\t\t\t<\/div>\n\t\t<div class=\"elementor-element elementor-element-69d4b379 e-con-full e-flex e-con e-child\" data-id=\"69d4b379\" data-element_type=\"container\" data-e-type=\"container\">\n\t\t\t\t<div class=\"elementor-element elementor-element-48b05999 elementor-widget elementor-widget-heading\" data-id=\"48b05999\" data-element_type=\"widget\" data-e-type=\"widget\" data-widget_type=\"heading.default\">\n\t\t\t\t<div class=\"elementor-widget-container\">\n\t\t\t\t\t<h2 class=\"elementor-heading-title elementor-size-default\">KONTAKT<\/h2>\t\t\t\t<\/div>\n\t\t\t\t<\/div>\n\t\t\t\t<div class=\"elementor-element elementor-element-6d2726b1 elementor-widget elementor-widget-text-editor\" data-id=\"6d2726b1\" data-element_type=\"widget\" data-e-type=\"widget\" data-widget_type=\"text-editor.default\">\n\t\t\t\t<div class=\"elementor-widget-container\">\n\t\t\t\t\t\t\t\t\t<div class=\"textwidget\"><p>B\u00fcrgergemeinde Balsthal<br \/>Falkensteinerstrasse 8<br \/>4710 Balsthal<\/p><p>info@buergergemeinde-balsthal.ch<\/p><\/div>\t\t\t\t\t\t\t\t<\/div>\n\t\t\t\t<\/div>\n\t\t\t\t<\/div>\n\t\t\t\t\t<\/div>\n\t\t\t\t<\/div>\n\t\t\t\t<section class=\"elementor-section elementor-top-section elementor-element elementor-element-678c0452 elementor-section-boxed elementor-section-height-default elementor-section-height-default\" data-id=\"678c0452\" data-element_type=\"section\" data-e-type=\"section\" data-settings=\"{&quot;background_background&quot;:&quot;classic&quot;}\">\n\t\t\t\t\t\t<div class=\"elementor-container elementor-column-gap-default\">\n\t\t\t\t\t<div class=\"elementor-column elementor-col-100 elementor-top-column elementor-element elementor-element-6aea9cbf\" data-id=\"6aea9cbf\" data-element_type=\"column\" data-e-type=\"column\">\n\t\t\t<div class=\"elementor-widget-wrap elementor-element-populated\">\n\t\t\t\t\t\t<div class=\"elementor-element elementor-element-2880a906 elementor-widget elementor-widget-elementskit-heading\" data-id=\"2880a906\" data-element_type=\"widget\" data-e-type=\"widget\" data-widget_type=\"elementskit-heading.default\">\n\t\t\t\t<div class=\"elementor-widget-container\">\n\t\t\t\t\t<div class=\"ekit-wid-con\" ><div class=\"ekit-heading elementskit-section-title-wraper text_left   ekit_heading_tablet-   ekit_heading_mobile-text_center\"><p class=\"ekit-heading--title elementskit-section-title \">\u00a92024. B\u00fcrgergemeinde Balsthal. All Rights Reserved.<\/p><\/div><\/div>\t\t\t\t<\/div>\n\t\t\t\t<\/div>\n\t\t\t\t\t<\/div>\n\t\t<\/div>\n\t\t\t\t\t<\/div>\n\t\t<\/section>\n\t\t\t\t<\/div>\n\t\t","protected":false},"excerpt":{"rendered":"<p>Home Die B\u00fcrgergemeinde Das ist die BG Balsthal Mitglieder &#038; Kommissionen B\u00fcrgerwesen Einb\u00fcrgerung G\u00fcter &#038; Eigentum B\u00fcrgerhaus MFH Oberfeld Dienstleistungen Vermietungen Downloads Publikationen Allmend &#038; Forst Kontakt X Vor der Renovation B\u00fcrgerkeller Sitzungszimmer Ausstellungsraum B\u00fcrgerhaus Das heutige B\u00fcrgerhaus wurde im Jahre 2002 erworben und vollst\u00e4ndig saniert. Es wird genutzt als B\u00fcrgerarchiv und Sitzungszimmer der B\u00fcrgergemeinde. [&hellip;]<\/p>\n","protected":false},"author":1,"featured_media":0,"parent":0,"menu_order":0,"comment_status":"closed","ping_status":"closed","template":"","meta":{"footnotes":""},"class_list":["post-383","page","type-page","status-publish","hentry"],"_links":{"self":[{"href":"https:\/\/buergergemeinde-balsthal.ch\/index.php\/wp-json\/wp\/v2\/pages\/383","targetHints":{"allow":["GET"]}}],"collection":[{"href":"https:\/\/buergergemeinde-balsthal.ch\/index.php\/wp-json\/wp\/v2\/pages"}],"about":[{"href":"https:\/\/buergergemeinde-balsthal.ch\/index.php\/wp-json\/wp\/v2\/types\/page"}],"author":[{"embeddable":true,"href":"https:\/\/buergergemeinde-balsthal.ch\/index.php\/wp-json\/wp\/v2\/users\/1"}],"replies":[{"embeddable":true,"href":"https:\/\/buergergemeinde-balsthal.ch\/index.php\/wp-json\/wp\/v2\/comments?post=383"}],"version-history":[{"count":0,"href":"https:\/\/buergergemeinde-balsthal.ch\/index.php\/wp-json\/wp\/v2\/pages\/383\/revisions"}],"wp:attachment":[{"href":"https:\/\/buergergemeinde-balsthal.ch\/index.php\/wp-json\/wp\/v2\/media?parent=383"}],"curies":[{"name":"wp","href":"https:\/\/api.w.org\/{rel}","templated":true}]}}