{"id":228,"date":"2024-11-26T11:04:21","date_gmt":"2024-11-26T11:04:21","guid":{"rendered":"https:\/\/buergergemeinde-balsthal.ch\/bg-neu\/?page_id=228"},"modified":"2024-11-30T16:36:50","modified_gmt":"2024-11-30T16:36:50","slug":"einbuergerung","status":"publish","type":"page","link":"https:\/\/buergergemeinde-balsthal.ch\/index.php\/einbuergerung\/","title":{"rendered":"Einb\u00fcrgerung"},"content":{"rendered":"\t\t<div data-elementor-type=\"wp-page\" data-elementor-id=\"228\" class=\"elementor elementor-228\">\n\t\t\t\t<div class=\"elementor-element elementor-element-1dc2c253 e-con-full my-header e-flex e-con e-parent\" data-id=\"1dc2c253\" data-element_type=\"container\" data-e-type=\"container\">\n\t\t<div class=\"elementor-element elementor-element-76838b39 e-con-full e-flex e-con e-child\" data-id=\"76838b39\" data-element_type=\"container\" data-e-type=\"container\" data-settings=\"{&quot;background_background&quot;:&quot;classic&quot;}\">\n\t\t<div class=\"elementor-element elementor-element-66b4d5e9 e-con-full e-flex e-con e-child\" data-id=\"66b4d5e9\" data-element_type=\"container\" data-e-type=\"container\">\n\t\t\t\t<div class=\"elementor-element elementor-element-3e1fe658 elementor-widget elementor-widget-image\" data-id=\"3e1fe658\" data-element_type=\"widget\" data-e-type=\"widget\" data-widget_type=\"image.default\">\n\t\t\t\t<div class=\"elementor-widget-container\">\n\t\t\t\t\t\t\t\t\t\t\t\t\t\t\t\t<a href=\"https:\/\/buergergemeinde-balsthal.ch\/\">\n\t\t\t\t\t\t\t<img decoding=\"async\" width=\"300\" height=\"107\" src=\"https:\/\/buergergemeinde-balsthal.ch\/wp-content\/uploads\/2024\/11\/bg_logo_negativ.png\" class=\"attachment-full size-full wp-image-222\" alt=\"\" \/>\t\t\t\t\t\t\t\t<\/a>\n\t\t\t\t\t\t\t\t\t\t\t\t\t\t\t<\/div>\n\t\t\t\t<\/div>\n\t\t\t\t<\/div>\n\t\t<div class=\"elementor-element elementor-element-749d8b61 e-con-full e-flex e-con e-child\" data-id=\"749d8b61\" data-element_type=\"container\" data-e-type=\"container\">\n\t\t\t\t<div class=\"elementor-element elementor-element-6aa6454a elementor-widget elementor-widget-ekit-nav-menu\" data-id=\"6aa6454a\" data-element_type=\"widget\" data-e-type=\"widget\" data-widget_type=\"ekit-nav-menu.default\">\n\t\t\t\t<div class=\"elementor-widget-container\">\n\t\t\t\t\t\t\t<nav class=\"ekit-wid-con ekit_menu_responsive_tablet\"\n\t\t\tdata-hamburger-icon=\"\"\n\t\t\tdata-hamburger-icon-type=\"icon\"\n\t\t\tdata-responsive-breakpoint=\"1024\">\n\t\t\t            <button class=\"elementskit-menu-hamburger elementskit-menu-toggler\"  type=\"button\" aria-label=\"hamburger-icon\">\n                                    <span class=\"elementskit-menu-hamburger-icon\"><\/span><span class=\"elementskit-menu-hamburger-icon\"><\/span><span class=\"elementskit-menu-hamburger-icon\"><\/span>\n                            <\/button>\n            <div id=\"ekit-megamenu-hauptmenu\" class=\"elementskit-menu-container elementskit-menu-offcanvas-elements elementskit-navbar-nav-default ekit-nav-menu-one-page-no ekit-nav-dropdown-hover\"><ul id=\"menu-hauptmenu\" class=\"elementskit-navbar-nav elementskit-menu-po-right submenu-click-on-icon\"><li id=\"menu-item-7174\" class=\"menu-item menu-item-type-post_type menu-item-object-page menu-item-home menu-item-7174 nav-item elementskit-mobile-builder-content\" data-vertical-menu=750px><a href=\"https:\/\/buergergemeinde-balsthal.ch\/\" class=\"ekit-menu-nav-link\">Homepage<\/a><\/li>\n<li id=\"menu-item-64\" class=\"menu-item menu-item-type-custom menu-item-object-custom menu-item-has-children menu-item-64 nav-item elementskit-dropdown-has relative_position elementskit-dropdown-menu-default_width elementskit-mobile-builder-content\" data-vertical-menu=750px><a href=\"#\" class=\"ekit-menu-nav-link ekit-menu-dropdown-toggle\">Die B\u00fcrgergemeinde<i aria-hidden=\"true\" class=\"icon icon-arrow-point-to-down elementskit-submenu-indicator\"><\/i><\/a>\n<ul class=\"elementskit-dropdown elementskit-submenu-panel\">\n\t<li id=\"menu-item-380\" class=\"menu-item menu-item-type-post_type menu-item-object-page menu-item-380 nav-item elementskit-mobile-builder-content\" data-vertical-menu=750px><a href=\"https:\/\/buergergemeinde-balsthal.ch\/index.php\/das-ist-die-bg-balsthal\/\" class=\" dropdown-item\">Das ist die BG Balsthal<\/a>\t<li id=\"menu-item-381\" class=\"menu-item menu-item-type-post_type menu-item-object-page menu-item-381 nav-item elementskit-mobile-builder-content\" data-vertical-menu=750px><a href=\"https:\/\/buergergemeinde-balsthal.ch\/index.php\/komissionen-und-mitglieder\/\" class=\" dropdown-item\">Mitglieder &#038; Kommissionen<\/a>\t<li id=\"menu-item-379\" class=\"menu-item menu-item-type-post_type menu-item-object-page menu-item-379 nav-item elementskit-mobile-builder-content\" data-vertical-menu=750px><a href=\"https:\/\/buergergemeinde-balsthal.ch\/index.php\/buergerwesen\/\" class=\" dropdown-item\">B\u00fcrgerwesen<\/a>\t<li id=\"menu-item-272\" class=\"menu-item menu-item-type-post_type menu-item-object-page menu-item-272 nav-item elementskit-mobile-builder-content\" data-vertical-menu=750px><a href=\"https:\/\/buergergemeinde-balsthal.ch\/index.php\/einbuergerung\/\" class=\" dropdown-item\">Einb\u00fcrgerung<\/a>\t<li id=\"menu-item-539\" class=\"menu-item menu-item-type-post_type menu-item-object-page menu-item-539 nav-item elementskit-mobile-builder-content\" data-vertical-menu=750px><a href=\"https:\/\/buergergemeinde-balsthal.ch\/index.php\/gueter-eigentum\/\" class=\" dropdown-item\">G\u00fcter &#038; Eigentum<\/a>\t<li id=\"menu-item-388\" class=\"menu-item menu-item-type-post_type menu-item-object-page menu-item-388 nav-item elementskit-mobile-builder-content\" data-vertical-menu=750px><a href=\"https:\/\/buergergemeinde-balsthal.ch\/index.php\/buergerhaus\/\" class=\" dropdown-item\">B\u00fcrgerhaus<\/a>\t<li id=\"menu-item-382\" class=\"menu-item menu-item-type-post_type menu-item-object-page menu-item-382 nav-item elementskit-mobile-builder-content\" data-vertical-menu=750px><a href=\"https:\/\/buergergemeinde-balsthal.ch\/index.php\/mfh-oberfeld\/\" class=\" dropdown-item\">MFH Oberfeld<\/a><\/ul>\n<\/li>\n<li id=\"menu-item-66\" class=\"menu-item menu-item-type-custom menu-item-object-custom menu-item-has-children menu-item-66 nav-item elementskit-dropdown-has relative_position elementskit-dropdown-menu-default_width elementskit-mobile-builder-content\" data-vertical-menu=750px><a href=\"#\" class=\"ekit-menu-nav-link ekit-menu-dropdown-toggle\">Dienstleistungen<i aria-hidden=\"true\" class=\"icon icon-arrow-point-to-down elementskit-submenu-indicator\"><\/i><\/a>\n<ul class=\"elementskit-dropdown elementskit-submenu-panel\">\n\t<li id=\"menu-item-376\" class=\"menu-item menu-item-type-post_type menu-item-object-page menu-item-376 nav-item elementskit-mobile-builder-content\" data-vertical-menu=750px><a href=\"https:\/\/buergergemeinde-balsthal.ch\/index.php\/vermietungen\/\" class=\" dropdown-item\">Vermietungen<\/a>\t<li id=\"menu-item-387\" class=\"menu-item menu-item-type-post_type menu-item-object-page menu-item-387 nav-item elementskit-mobile-builder-content\" data-vertical-menu=750px><a href=\"https:\/\/buergergemeinde-balsthal.ch\/index.php\/downloads\/\" class=\" dropdown-item\">Downloads<\/a>\t<li id=\"menu-item-6473\" class=\"menu-item menu-item-type-post_type menu-item-object-page menu-item-6473 nav-item elementskit-mobile-builder-content\" data-vertical-menu=750px><a href=\"https:\/\/buergergemeinde-balsthal.ch\/index.php\/bilder-chronik\/\" class=\" dropdown-item\">Bilder Chronik<\/a>\t<li id=\"menu-item-394\" class=\"menu-item menu-item-type-post_type menu-item-object-page menu-item-394 nav-item elementskit-mobile-builder-content\" data-vertical-menu=750px><a href=\"https:\/\/buergergemeinde-balsthal.ch\/index.php\/publikationen\/\" class=\" dropdown-item\">Publikationen<\/a><\/ul>\n<\/li>\n<li id=\"menu-item-536\" class=\"menu-item menu-item-type-post_type menu-item-object-page menu-item-536 nav-item elementskit-mobile-builder-content\" data-vertical-menu=750px><a href=\"https:\/\/buergergemeinde-balsthal.ch\/index.php\/allmend-und-forst\/\" class=\"ekit-menu-nav-link\">Allmend &#038; Forst<\/a><\/li>\n<li id=\"menu-item-5555\" class=\"menu-item menu-item-type-post_type menu-item-object-page menu-item-5555 nav-item elementskit-mobile-builder-content\" data-vertical-menu=750px><a href=\"https:\/\/buergergemeinde-balsthal.ch\/index.php\/kontaktformular\/\" class=\"ekit-menu-nav-link\">Kontakt<\/a><\/li>\n<\/ul><div class=\"elementskit-nav-identity-panel\"><a class=\"elementskit-nav-logo\" href=\"https:\/\/buergergemeinde-balsthal.ch\" target=\"\" rel=\"\"><img src=\"https:\/\/buergergemeinde-balsthal.ch\/wp-content\/uploads\/2024\/11\/placeholder-661-1.png\" title=\"placeholder-661-1.png\" alt=\"placeholder-661-1.png\" decoding=\"async\" \/><\/a><button class=\"elementskit-menu-close elementskit-menu-toggler\" type=\"button\">X<\/button><\/div><\/div>\n\t\t\t<div class=\"elementskit-menu-overlay elementskit-menu-offcanvas-elements elementskit-menu-toggler ekit-nav-menu--overlay\"><\/div>        <\/nav>\n\t\t\t\t\t\t<\/div>\n\t\t\t\t<\/div>\n\t\t\t\t<\/div>\n\t\t\t\t<\/div>\n\t\t\t\t<\/div>\n\t\t<div class=\"elementor-element elementor-element-55d2112 e-flex e-con-boxed e-con e-parent\" data-id=\"55d2112\" data-element_type=\"container\" data-e-type=\"container\">\n\t\t\t\t\t<div class=\"e-con-inner\">\n\t\t<div class=\"elementor-element elementor-element-cb4a031 e-con-full e-flex e-con e-child\" data-id=\"cb4a031\" data-element_type=\"container\" data-e-type=\"container\">\n\t\t\t\t<div class=\"elementor-element elementor-element-47c1b7b elementor-widget elementor-widget-image\" data-id=\"47c1b7b\" data-element_type=\"widget\" data-e-type=\"widget\" data-widget_type=\"image.default\">\n\t\t\t\t<div class=\"elementor-widget-container\">\n\t\t\t\t\t\t\t\t\t\t\t\t\t\t\t<img fetchpriority=\"high\" decoding=\"async\" width=\"800\" height=\"451\" src=\"https:\/\/buergergemeinde-balsthal.ch\/wp-content\/uploads\/2024\/11\/einbuergerung.jpg\" class=\"attachment-large size-large wp-image-236\" alt=\"\" srcset=\"https:\/\/buergergemeinde-balsthal.ch\/wp-content\/uploads\/2024\/11\/einbuergerung.jpg 814w, https:\/\/buergergemeinde-balsthal.ch\/wp-content\/uploads\/2024\/11\/einbuergerung-300x169.jpg 300w, https:\/\/buergergemeinde-balsthal.ch\/wp-content\/uploads\/2024\/11\/einbuergerung-768x433.jpg 768w\" sizes=\"(max-width: 800px) 100vw, 800px\" \/>\t\t\t\t\t\t\t\t\t\t\t\t\t\t\t<\/div>\n\t\t\t\t<\/div>\n\t\t\t\t<\/div>\n\t\t<div class=\"elementor-element elementor-element-62a3689 e-con-full e-flex e-con e-child\" data-id=\"62a3689\" data-element_type=\"container\" data-e-type=\"container\">\n\t\t\t\t<div class=\"elementor-element elementor-element-537b0ac elementor-widget elementor-widget-heading\" data-id=\"537b0ac\" data-element_type=\"widget\" data-e-type=\"widget\" data-widget_type=\"heading.default\">\n\t\t\t\t<div class=\"elementor-widget-container\">\n\t\t\t\t\t<h2 class=\"elementor-heading-title elementor-size-default\">Einb\u00fcrgerung<\/h2>\t\t\t\t<\/div>\n\t\t\t\t<\/div>\n\t\t\t\t<div class=\"elementor-element elementor-element-7abaaeb elementor-widget-divider--view-line elementor-widget elementor-widget-divider\" data-id=\"7abaaeb\" data-element_type=\"widget\" data-e-type=\"widget\" data-widget_type=\"divider.default\">\n\t\t\t\t<div class=\"elementor-widget-container\">\n\t\t\t\t\t\t\t<div class=\"elementor-divider\">\n\t\t\t<span class=\"elementor-divider-separator\">\n\t\t\t\t\t\t<\/span>\n\t\t<\/div>\n\t\t\t\t\t\t<\/div>\n\t\t\t\t<\/div>\n\t\t\t\t<div class=\"elementor-element elementor-element-3a22325 elementor-widget elementor-widget-text-editor\" data-id=\"3a22325\" data-element_type=\"widget\" data-e-type=\"widget\" data-widget_type=\"text-editor.default\">\n\t\t\t\t<div class=\"elementor-widget-container\">\n\t\t\t\t\t\t\t\t\t<div class=\"entry-content clearfix\"><div class=\"vce-row-container\" data-vce-boxed-width=\"true\"><div id=\"el-14737698\" class=\"vce-row vce-row--col-gap-30 vce-row-content--top\" data-vce-do-apply=\"all el-14737698\"><div class=\"vce-row-content\" data-vce-element-content=\"true\"><div id=\"el-ec5e4f4c\" class=\"vce-col vce-col--md-100p vce-col--xs-1 vce-col--xs-last vce-col--xs-first vce-col--sm-last vce-col--sm-first vce-col--md-last vce-col--lg-last vce-col--xl-last vce-col--md-first vce-col--lg-first vce-col--xl-first\"><div class=\"vce-col-inner\" data-vce-do-apply=\"border margin background el-ec5e4f4c\"><div class=\"vce-col-content\" data-vce-element-content=\"true\" data-vce-do-apply=\"padding el-ec5e4f4c\"><div class=\"vce-text-block\"><div id=\"el-34171309\" class=\"vce-text-block-wrapper vce\" data-vce-do-apply=\"all el-34171309\"><h3>Haben Sie nicht auch schon daran gedacht, sich in Balsthal einb\u00fcrgern zu lassen?<\/h3><p>Schweizer B\u00fcrgerinnen und B\u00fcrger, welche seit mindestens 2 Jahren ununterbrochen in Balsthal wohnen, haben die M\u00f6glichkeit sich zu einer reduzierten Geb\u00fchr einb\u00fcrgern zu lassen.<\/p><p>Nachstehend finden Sie wichtige Dokumente zur Einb\u00fcrgerung:<\/p><\/div><\/div><\/div><\/div><\/div><\/div><\/div><\/div><\/div>\t\t\t\t\t\t\t\t<\/div>\n\t\t\t\t<\/div>\n\t\t\t\t<div class=\"elementor-element elementor-element-3c152b4 elementor-icon-list--layout-traditional elementor-list-item-link-full_width elementor-widget elementor-widget-icon-list\" data-id=\"3c152b4\" data-element_type=\"widget\" data-e-type=\"widget\" data-widget_type=\"icon-list.default\">\n\t\t\t\t<div class=\"elementor-widget-container\">\n\t\t\t\t\t\t\t<ul class=\"elementor-icon-list-items\">\n\t\t\t\t\t\t\t<li class=\"elementor-icon-list-item\">\n\t\t\t\t\t\t\t\t\t\t\t<a href=\"https:\/\/buergergemeinde-balsthal.ch\/?ddownload=3518\" target=\"_blank\">\n\n\t\t\t\t\t\t\t\t\t\t\t\t<span class=\"elementor-icon-list-icon\">\n\t\t\t\t\t\t\t<svg aria-hidden=\"true\" class=\"e-font-icon-svg e-fas-file-pdf\" viewBox=\"0 0 384 512\" xmlns=\"http:\/\/www.w3.org\/2000\/svg\"><path d=\"M181.9 256.1c-5-16-4.9-46.9-2-46.9 8.4 0 7.6 36.9 2 46.9zm-1.7 47.2c-7.7 20.2-17.3 43.3-28.4 62.7 18.3-7 39-17.2 62.9-21.9-12.7-9.6-24.9-23.4-34.5-40.8zM86.1 428.1c0 .8 13.2-5.4 34.9-40.2-6.7 6.3-29.1 24.5-34.9 40.2zM248 160h136v328c0 13.3-10.7 24-24 24H24c-13.3 0-24-10.7-24-24V24C0 10.7 10.7 0 24 0h200v136c0 13.2 10.8 24 24 24zm-8 171.8c-20-12.2-33.3-29-42.7-53.8 4.5-18.5 11.6-46.6 6.2-64.2-4.7-29.4-42.4-26.5-47.8-6.8-5 18.3-.4 44.1 8.1 77-11.6 27.6-28.7 64.6-40.8 85.8-.1 0-.1.1-.2.1-27.1 13.9-73.6 44.5-54.5 68 5.6 6.9 16 10 21.5 10 17.9 0 35.7-18 61.1-61.8 25.8-8.5 54.1-19.1 79-23.2 21.7 11.8 47.1 19.5 64 19.5 29.2 0 31.2-32 19.7-43.4-13.9-13.6-54.3-9.7-73.6-7.2zM377 105L279 7c-4.5-4.5-10.6-7-17-7h-6v128h128v-6.1c0-6.3-2.5-12.4-7-16.9zm-74.1 255.3c4.1-2.7-2.5-11.9-42.8-9 37.1 15.8 42.8 9 42.8 9z\"><\/path><\/svg>\t\t\t\t\t\t<\/span>\n\t\t\t\t\t\t\t\t\t\t<span class=\"elementor-icon-list-text\">Anmeldeformular Einb\u00fcrgerungsverfahren<\/span>\n\t\t\t\t\t\t\t\t\t\t\t<\/a>\n\t\t\t\t\t\t\t\t\t<\/li>\n\t\t\t\t\t\t\t\t<li class=\"elementor-icon-list-item\">\n\t\t\t\t\t\t\t\t\t\t\t<a href=\"https:\/\/buergergemeinde-balsthal.ch\/?ddownload=3533\" target=\"_blank\">\n\n\t\t\t\t\t\t\t\t\t\t\t\t<span class=\"elementor-icon-list-icon\">\n\t\t\t\t\t\t\t<svg aria-hidden=\"true\" class=\"e-font-icon-svg e-fas-file-pdf\" viewBox=\"0 0 384 512\" xmlns=\"http:\/\/www.w3.org\/2000\/svg\"><path d=\"M181.9 256.1c-5-16-4.9-46.9-2-46.9 8.4 0 7.6 36.9 2 46.9zm-1.7 47.2c-7.7 20.2-17.3 43.3-28.4 62.7 18.3-7 39-17.2 62.9-21.9-12.7-9.6-24.9-23.4-34.5-40.8zM86.1 428.1c0 .8 13.2-5.4 34.9-40.2-6.7 6.3-29.1 24.5-34.9 40.2zM248 160h136v328c0 13.3-10.7 24-24 24H24c-13.3 0-24-10.7-24-24V24C0 10.7 10.7 0 24 0h200v136c0 13.2 10.8 24 24 24zm-8 171.8c-20-12.2-33.3-29-42.7-53.8 4.5-18.5 11.6-46.6 6.2-64.2-4.7-29.4-42.4-26.5-47.8-6.8-5 18.3-.4 44.1 8.1 77-11.6 27.6-28.7 64.6-40.8 85.8-.1 0-.1.1-.2.1-27.1 13.9-73.6 44.5-54.5 68 5.6 6.9 16 10 21.5 10 17.9 0 35.7-18 61.1-61.8 25.8-8.5 54.1-19.1 79-23.2 21.7 11.8 47.1 19.5 64 19.5 29.2 0 31.2-32 19.7-43.4-13.9-13.6-54.3-9.7-73.6-7.2zM377 105L279 7c-4.5-4.5-10.6-7-17-7h-6v128h128v-6.1c0-6.3-2.5-12.4-7-16.9zm-74.1 255.3c4.1-2.7-2.5-11.9-42.8-9 37.1 15.8 42.8 9 42.8 9z\"><\/path><\/svg>\t\t\t\t\t\t<\/span>\n\t\t\t\t\t\t\t\t\t\t<span class=\"elementor-icon-list-text\">Merkblatt zur Einb\u00fcrgerung (Ausl\u00e4nder)<\/span>\n\t\t\t\t\t\t\t\t\t\t\t<\/a>\n\t\t\t\t\t\t\t\t\t<\/li>\n\t\t\t\t\t\t<\/ul>\n\t\t\t\t\t\t<\/div>\n\t\t\t\t<\/div>\n\t\t\t\t<\/div>\n\t\t\t\t\t<\/div>\n\t\t\t\t<\/div>\n\t\t<div class=\"elementor-element elementor-element-271e79b3 e-flex e-con-boxed e-con e-parent\" data-id=\"271e79b3\" data-element_type=\"container\" data-e-type=\"container\" data-settings=\"{&quot;background_background&quot;:&quot;classic&quot;}\">\n\t\t\t\t\t<div class=\"e-con-inner\">\n\t\t<div class=\"elementor-element elementor-element-75d29e0a e-con-full e-flex e-con e-child\" data-id=\"75d29e0a\" data-element_type=\"container\" data-e-type=\"container\">\n\t\t\t\t<div class=\"elementor-element elementor-element-5baa196e elementor-widget elementor-widget-image\" data-id=\"5baa196e\" data-element_type=\"widget\" data-e-type=\"widget\" data-widget_type=\"image.default\">\n\t\t\t\t<div class=\"elementor-widget-container\">\n\t\t\t\t\t\t\t\t\t\t\t\t\t\t\t\t<a href=\"https:\/\/wpmet.com\/plugin\/elementskit\/\">\n\t\t\t\t\t\t\t<img decoding=\"async\" width=\"300\" height=\"107\" src=\"https:\/\/buergergemeinde-balsthal.ch\/wp-content\/uploads\/2024\/11\/bg_logo_negativ.png\" class=\"attachment-full size-full wp-image-222\" alt=\"\" \/>\t\t\t\t\t\t\t\t<\/a>\n\t\t\t\t\t\t\t\t\t\t\t\t\t\t\t<\/div>\n\t\t\t\t<\/div>\n\t\t\t\t<\/div>\n\t\t<div class=\"elementor-element elementor-element-5bfe634a e-con-full e-flex e-con e-child\" data-id=\"5bfe634a\" data-element_type=\"container\" data-e-type=\"container\">\n\t\t\t\t<div class=\"elementor-element elementor-element-2b98bed2 elementor-widget elementor-widget-heading\" data-id=\"2b98bed2\" data-element_type=\"widget\" data-e-type=\"widget\" data-widget_type=\"heading.default\">\n\t\t\t\t<div class=\"elementor-widget-container\">\n\t\t\t\t\t<h2 class=\"elementor-heading-title elementor-size-default\">SERVICE<\/h2>\t\t\t\t<\/div>\n\t\t\t\t<\/div>\n\t\t\t\t<div class=\"elementor-element elementor-element-70a18123 elementor-list-item-link-full_width elementor-widget elementor-widget-icon-list\" data-id=\"70a18123\" data-element_type=\"widget\" data-e-type=\"widget\" data-widget_type=\"icon-list.default\">\n\t\t\t\t<div class=\"elementor-widget-container\">\n\t\t\t\t\t\t\t<ul class=\"elementor-icon-list-items\">\n\t\t\t\t\t\t\t<li class=\"elementor-icon-list-item\">\n\t\t\t\t\t\t\t\t\t\t\t<a href=\"https:\/\/buergergemeinde-balsthal.ch\/index.php\/kontaktformular\/\">\n\n\t\t\t\t\t\t\t\t\t\t\t<span class=\"elementor-icon-list-text\">Kontaktformular<\/span>\n\t\t\t\t\t\t\t\t\t\t\t<\/a>\n\t\t\t\t\t\t\t\t\t<\/li>\n\t\t\t\t\t\t\t\t<li class=\"elementor-icon-list-item\">\n\t\t\t\t\t\t\t\t\t\t\t<a href=\"https:\/\/buergergemeinde-balsthal.ch\/index.php\/impressum\/\">\n\n\t\t\t\t\t\t\t\t\t\t\t<span class=\"elementor-icon-list-text\">Impressum<\/span>\n\t\t\t\t\t\t\t\t\t\t\t<\/a>\n\t\t\t\t\t\t\t\t\t<\/li>\n\t\t\t\t\t\t\t\t<li class=\"elementor-icon-list-item\">\n\t\t\t\t\t\t\t\t\t\t\t<a href=\"https:\/\/buergergemeinde-balsthal.ch\/index.php\/datenschutzerklaerung\/\">\n\n\t\t\t\t\t\t\t\t\t\t\t<span class=\"elementor-icon-list-text\">Datenschutzerkl\u00e4rung<\/span>\n\t\t\t\t\t\t\t\t\t\t\t<\/a>\n\t\t\t\t\t\t\t\t\t<\/li>\n\t\t\t\t\t\t\t\t<li class=\"elementor-icon-list-item\">\n\t\t\t\t\t\t\t\t\t\t\t<a href=\"https:\/\/buergergemeinde-balsthal.ch\/index.php\/downloads\/\">\n\n\t\t\t\t\t\t\t\t\t\t\t<span class=\"elementor-icon-list-text\">Dokumente<\/span>\n\t\t\t\t\t\t\t\t\t\t\t<\/a>\n\t\t\t\t\t\t\t\t\t<\/li>\n\t\t\t\t\t\t<\/ul>\n\t\t\t\t\t\t<\/div>\n\t\t\t\t<\/div>\n\t\t\t\t<\/div>\n\t\t<div class=\"elementor-element elementor-element-9c30b8f e-con-full e-flex e-con e-child\" data-id=\"9c30b8f\" data-element_type=\"container\" data-e-type=\"container\">\n\t\t\t\t<div class=\"elementor-element elementor-element-278d6498 elementor-widget elementor-widget-heading\" data-id=\"278d6498\" data-element_type=\"widget\" data-e-type=\"widget\" data-widget_type=\"heading.default\">\n\t\t\t\t<div class=\"elementor-widget-container\">\n\t\t\t\t\t<h2 class=\"elementor-heading-title elementor-size-default\">KONTAKT<\/h2>\t\t\t\t<\/div>\n\t\t\t\t<\/div>\n\t\t\t\t<div class=\"elementor-element elementor-element-22f8241c elementor-widget elementor-widget-text-editor\" data-id=\"22f8241c\" data-element_type=\"widget\" data-e-type=\"widget\" data-widget_type=\"text-editor.default\">\n\t\t\t\t<div class=\"elementor-widget-container\">\n\t\t\t\t\t\t\t\t\t<div class=\"textwidget\"><p>B\u00fcrgergemeinde Balsthal<br \/>Falkensteinerstrasse 8<br \/>4710 Balsthal<\/p><p>info@buergergemeinde-balsthal.ch<\/p><\/div>\t\t\t\t\t\t\t\t<\/div>\n\t\t\t\t<\/div>\n\t\t\t\t<\/div>\n\t\t\t\t\t<\/div>\n\t\t\t\t<\/div>\n\t\t\t\t<section class=\"elementor-section elementor-top-section elementor-element elementor-element-1a60137 elementor-section-boxed elementor-section-height-default elementor-section-height-default\" data-id=\"1a60137\" data-element_type=\"section\" data-e-type=\"section\" data-settings=\"{&quot;background_background&quot;:&quot;classic&quot;}\">\n\t\t\t\t\t\t<div class=\"elementor-container elementor-column-gap-default\">\n\t\t\t\t\t<div class=\"elementor-column elementor-col-100 elementor-top-column elementor-element elementor-element-3de00430\" data-id=\"3de00430\" data-element_type=\"column\" data-e-type=\"column\">\n\t\t\t<div class=\"elementor-widget-wrap elementor-element-populated\">\n\t\t\t\t\t\t<div class=\"elementor-element elementor-element-53d0b535 elementor-widget elementor-widget-elementskit-heading\" data-id=\"53d0b535\" data-element_type=\"widget\" data-e-type=\"widget\" data-widget_type=\"elementskit-heading.default\">\n\t\t\t\t<div class=\"elementor-widget-container\">\n\t\t\t\t\t<div class=\"ekit-wid-con\" ><div class=\"ekit-heading elementskit-section-title-wraper text_left   ekit_heading_tablet-   ekit_heading_mobile-text_center\"><p class=\"ekit-heading--title elementskit-section-title \">\u00a92024. B\u00fcrgergemeinde Balsthal. All Rights Reserved.<\/p><\/div><\/div>\t\t\t\t<\/div>\n\t\t\t\t<\/div>\n\t\t\t\t\t<\/div>\n\t\t<\/div>\n\t\t\t\t\t<\/div>\n\t\t<\/section>\n\t\t\t\t<\/div>\n\t\t","protected":false},"excerpt":{"rendered":"<p>Home Die B\u00fcrgergemeinde Das ist die BG Balsthal Mitglieder &#038; Kommissionen B\u00fcrgerwesen Einb\u00fcrgerung G\u00fcter &#038; Eigentum B\u00fcrgerhaus MFH Oberfeld Dienstleistungen Vermietungen Downloads Publikationen Allmend &#038; Forst Kontakt X Einb\u00fcrgerung Haben Sie nicht auch schon daran gedacht, sich in Balsthal einb\u00fcrgern zu lassen? Schweizer B\u00fcrgerinnen und B\u00fcrger, welche seit mindestens 2 Jahren ununterbrochen in Balsthal wohnen, [&hellip;]<\/p>\n","protected":false},"author":1,"featured_media":0,"parent":0,"menu_order":0,"comment_status":"closed","ping_status":"closed","template":"","meta":{"footnotes":""},"class_list":["post-228","page","type-page","status-publish","hentry"],"_links":{"self":[{"href":"https:\/\/buergergemeinde-balsthal.ch\/index.php\/wp-json\/wp\/v2\/pages\/228","targetHints":{"allow":["GET"]}}],"collection":[{"href":"https:\/\/buergergemeinde-balsthal.ch\/index.php\/wp-json\/wp\/v2\/pages"}],"about":[{"href":"https:\/\/buergergemeinde-balsthal.ch\/index.php\/wp-json\/wp\/v2\/types\/page"}],"author":[{"embeddable":true,"href":"https:\/\/buergergemeinde-balsthal.ch\/index.php\/wp-json\/wp\/v2\/users\/1"}],"replies":[{"embeddable":true,"href":"https:\/\/buergergemeinde-balsthal.ch\/index.php\/wp-json\/wp\/v2\/comments?post=228"}],"version-history":[{"count":0,"href":"https:\/\/buergergemeinde-balsthal.ch\/index.php\/wp-json\/wp\/v2\/pages\/228\/revisions"}],"wp:attachment":[{"href":"https:\/\/buergergemeinde-balsthal.ch\/index.php\/wp-json\/wp\/v2\/media?parent=228"}],"curies":[{"name":"wp","href":"https:\/\/api.w.org\/{rel}","templated":true}]}}